{"id":15495,"date":"2017-10-04T16:24:20","date_gmt":"2017-10-04T16:24:20","guid":{"rendered":"http:\/\/noasecurity.com\/?page_id=15495"},"modified":"2017-11-03T23:23:23","modified_gmt":"2017-11-03T23:23:23","slug":"fuerza-aerea","status":"publish","type":"page","link":"https:\/\/noasecurity.com\/en\/fuerza-aerea\/","title":{"rendered":"Air Force"},"content":{"rendered":"<div class=\"wpb-content-wrapper\"><p>[vc_row css_animation=&#8221;&#8221; row_type=&#8221;row&#8221; use_row_as_full_screen_section=&#8221;no&#8221; type=&#8221;full_width&#8221; angled_section=&#8221;no&#8221; text_align=&#8221;left&#8221; background_image_as_pattern=&#8221;without_pattern&#8221;][vc_column]<div class='qode_image_gallery_no_space '><div class='qode_image_gallery_holder' style='height: 300px;'><ul  ><li  ><div style=\"height: 300px; width:300px;\"><img decoding=\"async\" itemprop=\"image\" src=\"https:\/\/noasecurity.com\/wp-content\/uploads\/2017\/10\/IMG_25656.jpg\" alt=\"\" \/><\/div><\/li><li  ><div style=\"height: 300px; width:400px;\"><img decoding=\"async\" itemprop=\"image\" src=\"https:\/\/noasecurity.com\/wp-content\/uploads\/2017\/10\/IMG_25634.jpg\" alt=\"\" \/><\/div><\/li><li  ><div style=\"height: 300px; width:462px;\"><img decoding=\"async\" itemprop=\"image\" src=\"https:\/\/noasecurity.com\/wp-content\/uploads\/2017\/10\/IMG_0889.jpg\" alt=\"\" \/><\/div><\/li><li  ><div style=\"height: 300px; width:450px;\"><img decoding=\"async\" itemprop=\"image\" src=\"https:\/\/noasecurity.com\/wp-content\/uploads\/2017\/10\/IMG_0888.jpg\" alt=\"\" \/><\/div><\/li><\/ul><\/div><div class=\"controls\"><a class=\"prev-slide\" href=\"#\"><span><i class=\"fa fa-angle-left\"><\/i><\/span><\/a><a class=\"next-slide\" href=\"#\"><span><i class=\"fa fa-angle-right\"><\/i><\/span><\/a><\/div><\/div>[\/vc_column][\/vc_row][vc_row css_animation=&#8221;&#8221; row_type=&#8221;row&#8221; use_row_as_full_screen_section=&#8221;no&#8221; type=&#8221;grid&#8221; angled_section=&#8221;no&#8221; text_align=&#8221;left&#8221; background_image_as_pattern=&#8221;without_pattern&#8221; css=&#8221;.vc_custom_1508170301866{padding-top: 80px !important;padding-bottom: 60px !important;background-color: #ffffff !important;}&#8221;][vc_column][vc_column_text]<\/p>\n<h5 style=\"text-align: center;\">We have a variety of proven capabilities in planning, production and integration of advanced avionics systems , across a range of platform<\/h5>\n<p>[\/vc_column_text][\/vc_column][\/vc_row][vc_row css_animation=&#8221;&#8221; row_type=&#8221;row&#8221; use_row_as_full_screen_section=&#8221;no&#8221; type=&#8221;grid&#8221; angled_section=&#8221;no&#8221; text_align=&#8221;left&#8221; background_image_as_pattern=&#8221;without_pattern&#8221; css=&#8221;.vc_custom_1508170346482{margin-top: 60px !important;margin-bottom: 150px !important;}&#8221;][vc_column width=&#8221;1\/4&#8243;][vc_column_text css=&#8221;.vc_custom_1509751393826{margin-bottom: 20px !important;}&#8221;]\u2022 Upgrade of Tucano, Super Tucano, Pampa, F5, F15, F16, A37, KFIR aircraft and helicopters.[\/vc_column_text][vc_column_text css=&#8221;.vc_custom_1508169944832{margin-bottom: 20px !important;}&#8221;]<span title=\"\u2022 &quot;Cockpit de vidrio&quot;, pantalla revolucionaria de tacto central para la cabina del piloto, que permite a los pilotos de aviones y helic\u00f3pteros de combate, as\u00ed como pilotos en vuelos de entrenamiento y transporte, dominar los instrumentos del piloto presionando la pantalla en combinaci\u00f3n\">\u2022 &#8221; Glass Cockpit &#8221; revolutionary touch screen central to the cockpit, which allows pilots of aircraft and combat helicopters and pilots in flight training and transportation master pilot instruments pressing the screen in combination\u00a0<\/span><span title=\"con nuestros avanzados cascos.\">with our advanced helmets.<br \/>\n<\/span>[\/vc_column_text][vc_column_text css=&#8221;.vc_custom_1508169955715{margin-bottom: 20px !important;}&#8221;]\u2022 TM Targo Helmet pilot that serves mainly to training goals and accompanies the pilot from the flight planning stage , through training, research flight , the flight research mission..[\/vc_column_text][vc_column_text css=&#8221;.vc_custom_1508170162617{margin-bottom: 20px !important;}&#8221;]<span title=\"\u2022 Sistema de Alerta de Radar .Un sistema aeroportado de autoprotecci\u00f3n de alta sofisticaci\u00f3n que ofrece programabilidad total de amenazas, excelente desempe\u00f1o y confiabilidad.\">\u2022 Radar Warning System . A system of self aeroportado high sophistication that offers full programmability of threats, excellent performance and reliability .\u00a0<\/span><span title=\"El sistema integra dos subsistemas: un Sistema de Autoprotecci\u00f3n que detecta los radares cl\u00e1sicos y un Receptor IFM Superheterodino Multicanales que permite detecci\u00f3n e identificaci\u00f3n sin ambig\u00fcedades de los radares CW modernos de elevado PRF, bajo ERP y pulsos Doppler.\">The system integrates two sub-systems: Self-Protection System that detects classical radars and Multichannel Receiver Superheterodyne IFM allows unambiguous detection and identification of expensive modern CW radar PRF under ERP and pulse Doppler .<\/span>[\/vc_column_text][\/vc_column][vc_column width=&#8221;1\/4&#8243;][vc_column_text css=&#8221;.vc_custom_1508170040437{margin-bottom: 20px !important;}&#8221;]\u2022 GATR , accurate laser guided rocket used to air-ground missions and ground-ground .[\/vc_column_text][vc_column_text css=&#8221;.vc_custom_1508170081529{margin-bottom: 20px !important;}&#8221;]<span title=\"\u2022 GATR, Cohete dirigido por laser exacto que sirve para misiones aire-tierra y tierra-tierra.\"><br \/>\n<\/span><span title=\"\u2022 Diversas soluciones para adiestramiento y simulaci\u00f3n, incluyendo el Entrenador para aviones Super Tocano y PAMPA.\">\u2022 Various training and simulation solutions , including aircraft Coach Super Tocano and PAMPA.\u00a0<\/span><span title=\"Se nos ha adjudicado la vanguardia en el \u00e1rea de los Entrenadores y Simuladores.\">We have been awarded the forefront in the area of the Trainers and Simulators .\u00a0<\/span><span title=\"Hemos dise\u00f1ado, desarrollado y provisto Entrenadores y Simuladores operacionales y t\u00e1cticos, virtuales e incorporados, a fuerzas armadas l\u00edderes de todo el mundo.\">We have designed , developed and provided coaches and operational and tactical simulators , virtual and built to military leaders from around the world .\u00a0<\/span><span title=\"Estas sofisticadas soluciones de entrenamiento para plataformas a\u00e9reas tanto de origen oriental como occidental, fueron dise\u00f1adas para maximizar el realismo y minimizar las frecuentes dificultades de la transici\u00f3n a plataformas y misiones m\u00e1s complejas.\">These sophisticated training solutions for airborne platforms of both Eastern and Western origin , were designed to maximize realism and minimize the frequent difficulties of the transition to more complex platforms and missions .\u00a0<\/span><span title=\"Los entrenadores b\u00e1sicos L-39, PAMPA, Super Tucano e IAR 99 fueron sometidos a exhaustivas modernizaciones .\">The L -39 basic trainers , PAMPA , Super Tucano and IAR 99 were undergone extensive modernization .\u00a0<\/span><span title=\"La empresa ha incursionado asimismo en la modernizaci\u00f3n de aviones de transporte y vigilancia, como el C-130.\">The company has also made inroads in modernizing transport and surveillance aircraft such as the C -130 .<\/span>[\/vc_column_text][\/vc_column][vc_column width=&#8221;1\/4&#8243;][vc_column_text css=&#8221;.vc_custom_1508170095569{margin-bottom: 20px !important;}&#8221;]\u2022 We present the families of Skylark drones and serving in armies Hermes world leaders , including the Brazilian Army and IDF , Israel Army .[\/vc_column_text][vc_column_text css=&#8221;.vc_custom_1508170113288{margin-bottom: 20px !important;}&#8221;]<span title=\"Los Sistemas de Aviones No Tripulados (UAS) se han adjudicado reconocimiento internacional por el creciente papel que desempe\u00f1an en la lucha global contra el terrorismo.\">The Unmanned Aircraft Systems (UAS ) have been awarded international recognition for the growing role in the global fight against terrorism.\u00a0<\/span><span title=\"Las fuerzas militares y de seguridad interior de todo el mundo se benefician de sus sofisticadas capacidades y sistemas de a bordo que deben afrontar actualmente los complejos retos, antes realizados por aviones tripulados.\">The military and homeland security worldwide benefit from its sophisticated capabilities and on-board systems are currently facing complex challenges , previously performed by manned aircraft .\u00a0<\/span><span title=\"La amplia experiencia acumulada y nuestro innovativo enfoque de todos los aspectos de los sistemas de aeroveh\u00edculos no tripulados (UAV's) dieron por resultado las sobresalientes soluciones provistas a las Fuerzas de Defensa de Israel (FDI) y al Ministerio de Defensa del Reino Unido.\">The broad experience and our innovative approach to all aspects of hovercars systems (UAVs &#8216;s) resulted in the outstanding solutions provided to the Israel Defense Forces ( IDF ) and the Ministry of Defence of the United Kingdom.\u00a0<\/span><span title=\"En cooperaci\u00f3n con Thales, proveemos los sistemas UAV Hermes para el Programa de UAV T\u00e1ctico WATCHKEEPER del Reino Unido.\">In cooperation with Thales , Hermes UAV systems provide for the Watchkeeper Tactical UAV program in the UK.<\/span>[\/vc_column_text][vc_column_text css=&#8221;.vc_custom_1508170057696{margin-bottom: 20px !important;}&#8221;]\u2022 Display Systems new generation hull , which allow the pilot to concentrate on fulfilling its mission , while all essential flight data are projected onto the helmet.[\/vc_column_text][\/vc_column][vc_column width=&#8221;1\/4&#8243;][vc_column_text css=&#8221;.vc_custom_1508170137357{margin-bottom: 20px !important;}&#8221;]<span title=\"\u2022 Sistemas de comunicaciones avanzados.\">\u2022 Advanced communications systems .\u00a0<\/span><span title=\"Entre ellos es posible mencionar a Tadiran PNR 1000\u00aa, Radio Personal de Red (PNR) que proporciona conciencia situacional sobre la marcha.\">Among them we can mention to Tadiran PNR 1000th , Personal Radio Network ( PNR ) that provides situational awareness on the fly.\u00a0<\/span><span title=\"Ideal para unidades de combate desplegadas, esta radio liviana integra intercomunicaciones de equipos de alta calidad junto con una aplicaci\u00f3n unidad de computaci\u00f3n C\u017d4I.\">Ideal for deployed combat units , this radio intercom integrates lightweight high quality equipment along with a computer application C\u017d4I unit .\u00a0<\/span><span title=\"La radio Tadiran PNR-1000 proporciona a las tropas un dominio del panorama situacional sobre la marcha que confiere capacidades operacionales \u00fanicas en el campo de batalla.\">The radio Tadiran PNR- 1000 provides a command of troops on the march situational picture that confers unique operational capabilities in the battlefield .<\/span>[\/vc_column_text][vc_column_text css=&#8221;.vc_custom_1508170149392{margin-bottom: 20px !important;}&#8221;]<span title=\"\u2022 Sistemas de observaci\u00f3n adelantados, como CORAL, sistema de observaci\u00f3n manual avanzada y de peso liviano, que permite enfocar el objetivo tanto desde un lugar fijo como en movimiento, en condiciones diurnas y nocturnas y sistemas MARS, lente manual de generaci\u00f3n de avanzada de \u00f3pticas\">\u2022 observation systems developed as CORAL, advanced manual observation system and lightweight , which allows focus the lens both a fixed and moving in day and night conditions and MARS systems , manual lens Advanced Optical generation\u00a0<\/span><span title=\"para visi\u00f3n nocturna de bajo peso y poco consumo de energ\u00eda, por lo que es adecuada para el soldado individual, fuerzas de infanter\u00eda, fuerzas especiales y similares.\">for night vision , low weight and low power consumption , making it suitable for the individual soldier , infantry forces , special forces and the like.<\/span>[\/vc_column_text][\/vc_column][\/vc_row]<\/p>\n<\/div>","protected":false},"excerpt":{"rendered":"<p>[vc_row css_animation=&#8221;&#8221; row_type=&#8221;row&#8221; use_row_as_full_screen_section=&#8221;no&#8221; type=&#8221;full_width&#8221; angled_section=&#8221;no&#8221; text_align=&#8221;left&#8221; background_image_as_pattern=&#8221;without_pattern&#8221;][vc_column][\/vc_column][\/vc_row][vc_row css_animation=&#8221;&#8221; row_type=&#8221;row&#8221; use_row_as_full_screen_section=&#8221;no&#8221; type=&#8221;grid&#8221; angled_section=&#8221;no&#8221; text_align=&#8221;left&#8221; background_image_as_pattern=&#8221;without_pattern&#8221; css=&#8221;.vc_custom_1508170301866{padding-top: 80px !important;padding-bottom: 60px !important;background-color: #ffffff !important;}&#8221;][vc_column][vc_column_text] We have a variety of proven capabilities in planning, production and integration of advanced avionics systems , across a range of platform [\/vc_column_text][\/vc_column][\/vc_row][vc_row&#8230;<\/p>\n","protected":false},"author":1,"featured_media":0,"parent":0,"menu_order":0,"comment_status":"closed","ping_status":"closed","template":"full_width.php","meta":{"footnotes":""},"class_list":["post-15495","page","type-page","status-publish","hentry"],"_links":{"self":[{"href":"https:\/\/noasecurity.com\/en\/wp-json\/wp\/v2\/pages\/15495","targetHints":{"allow":["GET"]}}],"collection":[{"href":"https:\/\/noasecurity.com\/en\/wp-json\/wp\/v2\/pages"}],"about":[{"href":"https:\/\/noasecurity.com\/en\/wp-json\/wp\/v2\/types\/page"}],"author":[{"embeddable":true,"href":"https:\/\/noasecurity.com\/en\/wp-json\/wp\/v2\/users\/1"}],"replies":[{"embeddable":true,"href":"https:\/\/noasecurity.com\/en\/wp-json\/wp\/v2\/comments?post=15495"}],"version-history":[{"count":19,"href":"https:\/\/noasecurity.com\/en\/wp-json\/wp\/v2\/pages\/15495\/revisions"}],"predecessor-version":[{"id":15945,"href":"https:\/\/noasecurity.com\/en\/wp-json\/wp\/v2\/pages\/15495\/revisions\/15945"}],"wp:attachment":[{"href":"https:\/\/noasecurity.com\/en\/wp-json\/wp\/v2\/media?parent=15495"}],"curies":[{"name":"wp","href":"https:\/\/api.w.org\/{rel}","templated":true}]}}