{"id":15257,"date":"2015-05-07T08:00:12","date_gmt":"2015-05-07T08:00:12","guid":{"rendered":"http:\/\/demo.qodeinteractive.com\/bridge94\/?page_id=15257"},"modified":"2017-11-03T23:22:14","modified_gmt":"2017-11-03T23:22:14","slug":"home","status":"publish","type":"page","link":"https:\/\/noasecurity.com\/es\/","title":{"rendered":"Home"},"content":{"rendered":"<div class=\"wpb-content-wrapper\"><p>[vc_row css_animation=\u00bb\u00bb row_type=\u00bbrow\u00bb use_row_as_full_screen_section=\u00bbno\u00bb type=\u00bbfull_width\u00bb angled_section=\u00bbno\u00bb text_align=\u00bbleft\u00bb background_image_as_pattern=\u00bbwithout_pattern\u00bb][vc_column]<div class=\"call_to_action normal\" style=\"background-color: #272e46;padding-top: 81px;padding-bottom: 81px;\"><div class=\"container_inner\"><div class=\"two_columns_75_25 clearfix\"><div class=\"text_wrapper column1\"><div class=\"call_to_action_text  font_size_inherit font_weight_inherit letter_spacing_inherit\" style=\"font-size:14px;font-weight: 300;letter-spacing: 0px;\">\n<h4><span style=\"color: #ffffff;\">Servicios a entidades Gubernamentales y Privadas\u00a0<\/span><\/h4>\n<\/div><\/div><div class=\"button_wrapper column2\"><a itemprop=\"url\" href=\"http:\/\/noasecurity.com\/contact\/\" class=\"qbutton white \" target=\"_self\" style=\"color: #ffffff;border-color: #454f73;background-color: #454f73;\"data-hover-background-color=#00aeef data-hover-border-color=#00aeef data-hover-color=#ffffff>Contactanos<\/a><\/div><\/div><\/div><\/div>[\/vc_column][\/vc_row][vc_row css_animation=\u00bb\u00bb row_type=\u00bbrow\u00bb use_row_as_full_screen_section=\u00bbno\u00bb type=\u00bbfull_width\u00bb angled_section=\u00bbno\u00bb text_align=\u00bbleft\u00bb background_image_as_pattern=\u00bbwithout_pattern\u00bb][vc_column][qode_elements_holder number_of_columns=\u00bbtwo_columns\u00bb switch_to_one_column=\u00bb1000&#8243;][qode_elements_holder_item item_padding=\u00bb20px 9% 30px 9%\u00bb advanced_animations=\u00bbno\u00bb][vc_separator type=\u00bbtransparent\u00bb thickness=\u00bb1&#8243; up=\u00bb-8&#8243;][vc_column_text]<\/p>\n<h3>Capacitaci\u00f3n y Entrenamiento<\/h3>\n<p>[\/vc_column_text][vc_separator type=\u00bbsmall\u00bb position=\u00bbleft\u00bb up=\u00bb6&#8243; down=\u00bb15&#8243;][vc_column_text][\/vc_column_text][vc_separator type=\u00bbtransparent\u00bb thickness=\u00bb1&#8243; up=\u00bb25&#8243; down=\u00bb0&#8243;][vc_column_text]NOA tiene una vasta experiencia en la creaci\u00f3n de Sistemas de Seguridad y de Inteligencia para Organismos gubernamentales, p\u00fablicos, municipales y civiles, en la formaci\u00f3n y la capacitaci\u00f3n de unidades ideadas para entidades comerciales y publicas en cuatro continentes[\/vc_column_text][vc_separator type=\u00bbtransparent\u00bb thickness=\u00bb1&#8243; up=\u00bb31&#8243; down=\u00bb0&#8243;]<a  itemprop=\"url\" href=\"http:\/\/noasecurity.com\/capacitacion-y-entrenamiento\/\" target=\"_self\"  class=\"qbutton  small default\" style=\"\">Leer M\u00e1s<\/a>[\/qode_elements_holder_item][qode_elements_holder_item item_padding=\u00bb0px 0px 0px 0px\u00bb advanced_animations=\u00bbno\u00bb][vc_single_image image=\u00bb15892&#8243; img_size=\u00bbfull\u00bb alignment=\u00bbcenter\u00bb qode_css_animation=\u00bbelement_from_fade\u00bb qode_hover_animation=\u00bbzoom_in\u00bb][\/qode_elements_holder_item][\/qode_elements_holder][\/vc_column][\/vc_row][vc_row css_animation=\u00bb\u00bb row_type=\u00bbrow\u00bb use_row_as_full_screen_section=\u00bbno\u00bb type=\u00bbfull_width\u00bb angled_section=\u00bbno\u00bb text_align=\u00bbleft\u00bb background_image_as_pattern=\u00bbwithout_pattern\u00bb][vc_column][qode_elements_holder number_of_columns=\u00bbtwo_columns\u00bb switch_to_one_column=\u00bb1000&#8243;][qode_elements_holder_item item_padding=\u00bb0px 0px 0px 0px\u00bb advanced_animations=\u00bbno\u00bb][vc_single_image image=\u00bb15290&#8243; img_size=\u00bbfull\u00bb alignment=\u00bbcenter\u00bb qode_css_animation=\u00bb\u00bb qode_hover_animation=\u00bbzoom_in\u00bb][\/qode_elements_holder_item][qode_elements_holder_item item_padding=\u00bb20px 9% 30px 9%\u00bb advanced_animations=\u00bbno\u00bb][vc_separator type=\u00bbtransparent\u00bb thickness=\u00bb1&#8243; up=\u00bb-8&#8243;][vc_column_text]<\/p>\n<h3>Consultor\u00eda de Seguridad para Delegaciones y Gente de Negocios<\/h3>\n<p>[\/vc_column_text][vc_separator type=\u00bbsmall\u00bb position=\u00bbleft\u00bb up=\u00bb6&#8243; down=\u00bb15&#8243;][vc_column_text][\/vc_column_text][vc_separator type=\u00bbtransparent\u00bb thickness=\u00bb1&#8243; up=\u00bb25&#8243; down=\u00bb0&#8243;][vc_column_text]Delegaciones y gente de negocios que viajan por el mundo pueden ser objeto de ataques delictivos, espionaje industrial y amenazas de terrorismo. Esto puede manifestarse en ataques f\u00edsicos, robos de informaci\u00f3n y propiedades (incluyendo computadoras\/ ordenadores port\u00e1tiles) y en ocasiones en secuestros.[\/vc_column_text][vc_separator type=\u00bbtransparent\u00bb thickness=\u00bb1&#8243; up=\u00bb31&#8243; down=\u00bb0&#8243;]<a  itemprop=\"url\" href=\"http:\/\/noasecurity.com\/consultoria-en-seguridad\/\" target=\"_self\"  class=\"qbutton  small default\" style=\"\">LEER M\u00c1S<\/a>[\/qode_elements_holder_item][\/qode_elements_holder][\/vc_column][\/vc_row][vc_row css_animation=\u00bb\u00bb row_type=\u00bbrow\u00bb use_row_as_full_screen_section=\u00bbno\u00bb type=\u00bbfull_width\u00bb angled_section=\u00bbno\u00bb text_align=\u00bbleft\u00bb background_image_as_pattern=\u00bbwithout_pattern\u00bb][vc_column][qode_elements_holder background_color=\u00bb#272e46&#8243; number_of_columns=\u00bbtwo_columns\u00bb switch_to_one_column=\u00bb1000&#8243;][qode_elements_holder_item advanced_animations=\u00bbno\u00bb][vc_single_image image=\u00bb15382&#8243; img_size=\u00bbfull\u00bb alignment=\u00bbcenter\u00bb qode_css_animation=\u00bb\u00bb qode_hover_animation=\u00bbzoom_in\u00bb][\/qode_elements_holder_item][qode_elements_holder_item item_padding=\u00bb30px 9% 30px 9%\u00bb advanced_animations=\u00bbno\u00bb]<div class='q_progress_bar'><h5 class='progress_title_holder clearfix' style='color: #ffffff;'><span class='progress_title'><span>Estado de preparaci\u00f3n para ataque terrorista.<\/span><\/span><span class='progress_number' style='color: #ffffff;font-weight: 600;'><span>0<\/span>%<\/span><\/h5><div class='progress_content_outer' style='height: 10px;background-color: #474d62;'><div data-percentage='100' class='progress_content' style='height: 10px;background-color: #00aeef;'><\/div><\/div><\/div>[vc_separator type=\u00bbtransparent\u00bb thickness=\u00bb1&#8243; up=\u00bb31&#8243; down=\u00bb0&#8243;]<div class='q_progress_bar'><h5 class='progress_title_holder clearfix' style='color: #ffffff;'><span class='progress_title'><span>Inteligencia policial contra crimen, drogas,ETC<\/span><\/span><span class='progress_number' style='color: #ffffff;font-weight: 600;'><span>0<\/span>%<\/span><\/h5><div class='progress_content_outer' style='height: 10px;background-color: #474d62;'><div data-percentage='100' class='progress_content' style='height: 10px;background-color: #00aeef;'><\/div><\/div><\/div>[vc_separator type=\u00bbtransparent\u00bb thickness=\u00bb1&#8243; up=\u00bb31&#8243; down=\u00bb0&#8243;]<div class='q_progress_bar'><h5 class='progress_title_holder clearfix' style='color: #ffffff;'><span class='progress_title'><span>Colaboraci\u00f3n policial con militares y gobierno<\/span><\/span><span class='progress_number' style='color: #ffffff;font-weight: 600;'><span>0<\/span>%<\/span><\/h5><div class='progress_content_outer' style='height: 10px;background-color: #474d62;'><div data-percentage='100' class='progress_content' style='height: 10px;background-color: #00aeef;'><\/div><\/div><\/div>[\/qode_elements_holder_item][\/qode_elements_holder][\/vc_column][\/vc_row][vc_row css_animation=\u00bb\u00bb row_type=\u00bbrow\u00bb use_row_as_full_screen_section=\u00bbno\u00bb type=\u00bbfull_width\u00bb angled_section=\u00bbno\u00bb text_align=\u00bbleft\u00bb background_image_as_pattern=\u00bbwithout_pattern\u00bb][vc_column][qode_elements_holder number_of_columns=\u00bbtwo_columns\u00bb switch_to_one_column=\u00bb1000&#8243;][qode_elements_holder_item item_padding=\u00bb20px 9% 30px 9%\u00bb advanced_animations=\u00bbno\u00bb][vc_separator type=\u00bbtransparent\u00bb thickness=\u00bb1&#8243; up=\u00bb-8&#8243;][vc_column_text]<\/p>\n<h3>Seguridad en aeropuertos<\/h3>\n<p>[\/vc_column_text][vc_separator type=\u00bbsmall\u00bb position=\u00bbleft\u00bb up=\u00bb6&#8243; down=\u00bb15&#8243;][vc_column_text][\/vc_column_text][vc_separator type=\u00bbtransparent\u00bb thickness=\u00bb1&#8243; up=\u00bb25&#8243; down=\u00bb0&#8243;][vc_column_text]La seguridad aeroportuaria ha visto modificado su modelo de gesti\u00f3n a ra\u00edz de los tr\u00e1gicos atentados del 11 de septiembre.[\/vc_column_text][vc_separator type=\u00bbtransparent\u00bb thickness=\u00bb1&#8243; up=\u00bb31&#8243; down=\u00bb0&#8243;]<a  itemprop=\"url\" href=\"http:\/\/noasecurity.com\/seguridad-en-aeropuertos\/\" target=\"_self\"  class=\"qbutton  small default\" style=\"\">LEER M\u00c1S<\/a>[\/qode_elements_holder_item][qode_elements_holder_item item_padding=\u00bb0px 0px 0px 0px\u00bb advanced_animations=\u00bbno\u00bb][vc_single_image image=\u00bb15859&#8243; img_size=\u00bbfull\u00bb alignment=\u00bbcenter\u00bb qode_css_animation=\u00bb\u00bb][\/qode_elements_holder_item][\/qode_elements_holder][\/vc_column][\/vc_row]<\/p>\n<\/div>","protected":false},"excerpt":{"rendered":"<p>[vc_row css_animation=\u00bb\u00bb row_type=\u00bbrow\u00bb use_row_as_full_screen_section=\u00bbno\u00bb type=\u00bbfull_width\u00bb angled_section=\u00bbno\u00bb text_align=\u00bbleft\u00bb background_image_as_pattern=\u00bbwithout_pattern\u00bb][vc_column][\/vc_column][\/vc_row][vc_row css_animation=\u00bb\u00bb row_type=\u00bbrow\u00bb use_row_as_full_screen_section=\u00bbno\u00bb type=\u00bbfull_width\u00bb angled_section=\u00bbno\u00bb text_align=\u00bbleft\u00bb background_image_as_pattern=\u00bbwithout_pattern\u00bb][vc_column][qode_elements_holder number_of_columns=\u00bbtwo_columns\u00bb switch_to_one_column=\u00bb1000&#8243;][qode_elements_holder_item item_padding=\u00bb20px 9% 30px 9%\u00bb advanced_animations=\u00bbno\u00bb][vc_separator type=\u00bbtransparent\u00bb thickness=\u00bb1&#8243; up=\u00bb-8&#8243;][vc_column_text] Capacitaci\u00f3n y Entrenamiento [\/vc_column_text][vc_separator type=\u00bbsmall\u00bb position=\u00bbleft\u00bb up=\u00bb6&#8243; down=\u00bb15&#8243;][vc_column_text][\/vc_column_text][vc_separator type=\u00bbtransparent\u00bb thickness=\u00bb1&#8243; up=\u00bb25&#8243; down=\u00bb0&#8243;][vc_column_text]NOA tiene una vasta experiencia en la creaci\u00f3n de&#8230;<\/p>\n","protected":false},"author":1,"featured_media":0,"parent":0,"menu_order":0,"comment_status":"open","ping_status":"open","template":"full_width.php","meta":{"footnotes":""},"class_list":["post-15257","page","type-page","status-publish","hentry"],"_links":{"self":[{"href":"https:\/\/noasecurity.com\/es\/wp-json\/wp\/v2\/pages\/15257","targetHints":{"allow":["GET"]}}],"collection":[{"href":"https:\/\/noasecurity.com\/es\/wp-json\/wp\/v2\/pages"}],"about":[{"href":"https:\/\/noasecurity.com\/es\/wp-json\/wp\/v2\/types\/page"}],"author":[{"embeddable":true,"href":"https:\/\/noasecurity.com\/es\/wp-json\/wp\/v2\/users\/1"}],"replies":[{"embeddable":true,"href":"https:\/\/noasecurity.com\/es\/wp-json\/wp\/v2\/comments?post=15257"}],"version-history":[{"count":35,"href":"https:\/\/noasecurity.com\/es\/wp-json\/wp\/v2\/pages\/15257\/revisions"}],"predecessor-version":[{"id":15944,"href":"https:\/\/noasecurity.com\/es\/wp-json\/wp\/v2\/pages\/15257\/revisions\/15944"}],"wp:attachment":[{"href":"https:\/\/noasecurity.com\/es\/wp-json\/wp\/v2\/media?parent=15257"}],"curies":[{"name":"wp","href":"https:\/\/api.w.org\/{rel}","templated":true}]}}