{"id":15340,"date":"2015-05-08T08:30:00","date_gmt":"2015-05-08T08:30:00","guid":{"rendered":"http:\/\/demo.qodeinteractive.com\/bridge94\/?page_id=15340"},"modified":"2017-11-04T00:15:51","modified_gmt":"2017-11-04T00:15:51","slug":"la-empresa","status":"publish","type":"page","link":"https:\/\/noasecurity.com\/es\/la-empresa\/","title":{"rendered":"La Empresa"},"content":{"rendered":"<div class=\"wpb-content-wrapper\"><p>[vc_row css_animation=\u00bb\u00bb row_type=\u00bbrow\u00bb use_row_as_full_screen_section=\u00bbno\u00bb type=\u00bbgrid\u00bb angled_section=\u00bbno\u00bb text_align=\u00bbcenter\u00bb background_image_as_pattern=\u00bbwithout_pattern\u00bb css=\u00bb.vc_custom_1509545836495{padding-bottom: 50px !important;}\u00bb][vc_column]<a  itemprop=\"url\" href=\"http:\/\/noasecurity.com\/wp-content\/uploads\/2017\/10\/Dossier_Final_Flip-1.pdf\" target=\"_self\"  class=\"qbutton  default\" style=\"\">Ver Dossier<\/a>[\/vc_column][\/vc_row][vc_row css_animation=\u00bb\u00bb row_type=\u00bbrow\u00bb use_row_as_full_screen_section=\u00bbno\u00bb type=\u00bbfull_width\u00bb angled_section=\u00bbno\u00bb text_align=\u00bbleft\u00bb background_image_as_pattern=\u00bbwithout_pattern\u00bb css=\u00bb.vc_custom_1509545822709{background-color: #ffffff !important;}\u00bb][vc_column][qode_elements_holder number_of_columns=\u00bbtwo_columns\u00bb switch_to_one_column=\u00bb1000&#8243;][qode_elements_holder_item item_padding=\u00bb20px 9% 30px 9%\u00bb advanced_animations=\u00bbno\u00bb][vc_separator type=\u00bbtransparent\u00bb thickness=\u00bb1&#8243; up=\u00bb-8&#8243;][vc_column_text]<\/p>\n<h3>Quienes somos<\/h3>\n<p>[\/vc_column_text][vc_separator type=\u00bbsmall\u00bb position=\u00bbleft\u00bb up=\u00bb6&#8243; down=\u00bb15&#8243;][vc_column_text][\/vc_column_text][vc_separator type=\u00bbtransparent\u00bb thickness=\u00bb1&#8243; up=\u00bb25&#8243; down=\u00bb0&#8243;][vc_column_text]NOA est\u00e1 constituida por un conjunto de\u00a0 Empresas Israel\u00edes. La mayor\u00eda de nuestras empresas pertenecen y son administradas por altos oficiales del Ej\u00e9rcito de Defensa del Israel, ahora en situaci\u00f3n de retiro.[\/vc_column_text][vc_separator type=\u00bbtransparent\u00bb thickness=\u00bb1&#8243; up=\u00bb31&#8243; down=\u00bb0&#8243;][\/qode_elements_holder_item][qode_elements_holder_item item_padding=\u00bb0px 0px 0px 0px\u00bb advanced_animations=\u00bbno\u00bb][vc_single_image image=\u00bb2857&#8243; img_size=\u00bbfull\u00bb alignment=\u00bbcenter\u00bb qode_css_animation=\u00bb\u00bb qode_hover_animation=\u00bbzoom_in\u00bb][\/qode_elements_holder_item][\/qode_elements_holder][\/vc_column][\/vc_row][vc_row css_animation=\u00bb\u00bb row_type=\u00bbrow\u00bb use_row_as_full_screen_section=\u00bbno\u00bb type=\u00bbfull_width\u00bb angled_section=\u00bbno\u00bb text_align=\u00bbleft\u00bb background_image_as_pattern=\u00bbwithout_pattern\u00bb][vc_column][qode_elements_holder number_of_columns=\u00bbtwo_columns\u00bb switch_to_one_column=\u00bb1000&#8243;][qode_elements_holder_item item_padding=\u00bb0px 0px 0px 0px\u00bb advanced_animations=\u00bbno\u00bb][vc_single_image image=\u00bb5948&#8243; img_size=\u00bbfull\u00bb alignment=\u00bbcenter\u00bb qode_css_animation=\u00bb\u00bb qode_hover_animation=\u00bbzoom_in\u00bb][\/qode_elements_holder_item][qode_elements_holder_item item_padding=\u00bb20px 9% 30px 9%\u00bb advanced_animations=\u00bbno\u00bb][vc_separator type=\u00bbtransparent\u00bb thickness=\u00bb1&#8243; up=\u00bb-8&#8243;][vc_column_text]<\/p>\n<h3>Nos Especializamos<\/h3>\n<p>[\/vc_column_text][vc_separator type=\u00bbsmall\u00bb position=\u00bbleft\u00bb up=\u00bb6&#8243; down=\u00bb15&#8243;][vc_column_text][\/vc_column_text][vc_separator type=\u00bbtransparent\u00bb thickness=\u00bb1&#8243; up=\u00bb25&#8243; down=\u00bb0&#8243;][vc_column_text]Nos especializamos en desarrollo de proyectos (llave en mano) pero cubrimos una extensa gama de campos especializados.[\/vc_column_text][vc_separator type=\u00bbtransparent\u00bb thickness=\u00bb1&#8243; up=\u00bb31&#8243; down=\u00bb0&#8243;][\/qode_elements_holder_item][\/qode_elements_holder][\/vc_column][\/vc_row][vc_row css_animation=\u00bb\u00bb row_type=\u00bbrow\u00bb use_row_as_full_screen_section=\u00bbno\u00bb type=\u00bbfull_width\u00bb angled_section=\u00bbno\u00bb text_align=\u00bbleft\u00bb background_image_as_pattern=\u00bbwithout_pattern\u00bb][vc_column][qode_elements_holder number_of_columns=\u00bbtwo_columns\u00bb switch_to_one_column=\u00bb1000&#8243;][qode_elements_holder_item item_padding=\u00bb20px 9% 30px 9%\u00bb advanced_animations=\u00bbno\u00bb][vc_separator type=\u00bbtransparent\u00bb thickness=\u00bb1&#8243; up=\u00bb-8&#8243;][vc_column_text]<\/p>\n<h3>Ofrecemos<\/h3>\n<p>[\/vc_column_text][vc_separator type=\u00bbsmall\u00bb position=\u00bbleft\u00bb up=\u00bb6&#8243; down=\u00bb15&#8243;][vc_column_text][\/vc_column_text][vc_separator type=\u00bbtransparent\u00bb thickness=\u00bb1&#8243; up=\u00bb25&#8243; down=\u00bb0&#8243;][vc_column_text]NOA ofrece servicios de planificaci\u00f3n, ejecuci\u00f3n, control y supervisi\u00f3n a los directorios y a los escalafones superiores de las compa\u00f1\u00edas y organizaciones en Israel y en el exterior, basados en la cooperaci\u00f3n total y continua con el cliente con el fin de proveer la soluci\u00f3n m\u00e1s adecuada a sus necesidades y a la cultura organizacional de la compa\u00f1\u00eda, tomando en cuenta las consideraciones de costo-beneficio.[\/vc_column_text][vc_separator type=\u00bbtransparent\u00bb thickness=\u00bb1&#8243; up=\u00bb31&#8243; down=\u00bb0&#8243;][\/qode_elements_holder_item][qode_elements_holder_item item_padding=\u00bb0px 0px 0px 0px\u00bb advanced_animations=\u00bbno\u00bb][vc_single_image image=\u00bb15350&#8243; img_size=\u00bbfull\u00bb alignment=\u00bbcenter\u00bb qode_css_animation=\u00bb\u00bb qode_hover_animation=\u00bbzoom_in\u00bb][\/qode_elements_holder_item][\/qode_elements_holder][\/vc_column][\/vc_row]<\/p>\n<\/div>","protected":false},"excerpt":{"rendered":"<p>[vc_row css_animation=\u00bb\u00bb row_type=\u00bbrow\u00bb use_row_as_full_screen_section=\u00bbno\u00bb type=\u00bbgrid\u00bb angled_section=\u00bbno\u00bb text_align=\u00bbcenter\u00bb background_image_as_pattern=\u00bbwithout_pattern\u00bb css=\u00bb.vc_custom_1509545836495{padding-bottom: 50px !important;}\u00bb][vc_column][\/vc_column][\/vc_row][vc_row css_animation=\u00bb\u00bb row_type=\u00bbrow\u00bb use_row_as_full_screen_section=\u00bbno\u00bb type=\u00bbfull_width\u00bb angled_section=\u00bbno\u00bb text_align=\u00bbleft\u00bb background_image_as_pattern=\u00bbwithout_pattern\u00bb css=\u00bb.vc_custom_1509545822709{background-color: #ffffff !important;}\u00bb][vc_column][qode_elements_holder number_of_columns=\u00bbtwo_columns\u00bb switch_to_one_column=\u00bb1000&#8243;][qode_elements_holder_item item_padding=\u00bb20px 9% 30px 9%\u00bb advanced_animations=\u00bbno\u00bb][vc_separator type=\u00bbtransparent\u00bb thickness=\u00bb1&#8243; up=\u00bb-8&#8243;][vc_column_text] Quienes somos [\/vc_column_text][vc_separator type=\u00bbsmall\u00bb position=\u00bbleft\u00bb up=\u00bb6&#8243; down=\u00bb15&#8243;][vc_column_text][\/vc_column_text][vc_separator type=\u00bbtransparent\u00bb thickness=\u00bb1&#8243; up=\u00bb25&#8243; down=\u00bb0&#8243;][vc_column_text]NOA est\u00e1 constituida por&#8230;<\/p>\n","protected":false},"author":1,"featured_media":0,"parent":0,"menu_order":0,"comment_status":"open","ping_status":"open","template":"full_width.php","meta":{"footnotes":""},"class_list":["post-15340","page","type-page","status-publish","hentry"],"_links":{"self":[{"href":"https:\/\/noasecurity.com\/es\/wp-json\/wp\/v2\/pages\/15340","targetHints":{"allow":["GET"]}}],"collection":[{"href":"https:\/\/noasecurity.com\/es\/wp-json\/wp\/v2\/pages"}],"about":[{"href":"https:\/\/noasecurity.com\/es\/wp-json\/wp\/v2\/types\/page"}],"author":[{"embeddable":true,"href":"https:\/\/noasecurity.com\/es\/wp-json\/wp\/v2\/users\/1"}],"replies":[{"embeddable":true,"href":"https:\/\/noasecurity.com\/es\/wp-json\/wp\/v2\/comments?post=15340"}],"version-history":[{"count":18,"href":"https:\/\/noasecurity.com\/es\/wp-json\/wp\/v2\/pages\/15340\/revisions"}],"predecessor-version":[{"id":15946,"href":"https:\/\/noasecurity.com\/es\/wp-json\/wp\/v2\/pages\/15340\/revisions\/15946"}],"wp:attachment":[{"href":"https:\/\/noasecurity.com\/es\/wp-json\/wp\/v2\/media?parent=15340"}],"curies":[{"name":"wp","href":"https:\/\/api.w.org\/{rel}","templated":true}]}}