{"id":15457,"date":"2017-10-03T23:01:01","date_gmt":"2017-10-03T23:01:01","guid":{"rendered":"http:\/\/noasecurity.com\/?page_id=15457"},"modified":"2017-10-27T22:48:25","modified_gmt":"2017-10-27T22:48:25","slug":"naval","status":"publish","type":"page","link":"https:\/\/noasecurity.com\/es\/naval\/","title":{"rendered":"naval"},"content":{"rendered":"<div class=\"wpb-content-wrapper\"><p>[vc_row css_animation=\u00bb\u00bb row_type=\u00bbrow\u00bb use_row_as_full_screen_section=\u00bbyes\u00bb type=\u00bbgrid\u00bb header_style=\u00bblight\u00bb in_content_menu=\u00bbin_content_menu\u00bb content_menu_icon=\u00bb\u00bb angled_section=\u00bbno\u00bb text_align=\u00bbleft\u00bb background_image_as_pattern=\u00bbwithout_pattern\u00bb background_color=\u00bb#ffffff\u00bb css=\u00bb.vc_custom_1508164731149{padding-top: 80px !important;padding-bottom: 40px !important;background-color: #ffffff !important;}\u00bb][vc_column width=\u00bb1\/2&#8243;][vc_column_text css=\u00bb.vc_custom_1507131075497{margin-bottom: 80px !important;}\u00bb]Proporcionamos soluciones de llave en mano a trav\u00e9s de una amplia gama de dise\u00f1os para los mercados mar\u00edtimos\u00a0\u00a0navales y comerciales.<\/p>\n<p>Nuestra empresa es preferida para todos los desaf\u00edos en construcci\u00f3n naval: dise\u00f1o, gesti\u00f3n de programas, fabricaci\u00f3n, capacitaci\u00f3n de clientes, servicio posventa, soporte t\u00e9cnico y log\u00edstico, etc.<\/p>\n<p>Las soluciones de defensa deben ser duraderas, rentables y lo suficientemente vers\u00e1tiles para combatir todas las potenciales amenazas. Unidades navales de todo el mundo como guardias costeras y polic\u00edas de frontera nos han elegido proteger su soberan\u00eda nacional mar\u00edtima con nuestras naves.<\/p>\n<p>[\/vc_column_text][\/vc_column][vc_column width=\u00bb1\/2&#8243;][vc_column_text]Las soluciones\u00a0\u00a0navales son creadas por medio de un Triangulo\u00a0\u00a0Dorado de Talento:<\/p>\n<ul>\n<li>Nuestra experiencia<\/li>\n<li>La realimentaci\u00f3n constante de la Marina Israel\u00ed<\/li>\n<li>Los sistemas de armas proporcionados por la industria de defensa israel\u00ed.<\/li>\n<\/ul>\n<p>Las actualizaciones realizadas permiten a las naves una mayor capacidad de carga de armamento, capacidades de plataforma aumentadas y desarrollo de nuevas armadas defensivas y ofensivas.[\/vc_column_text][\/vc_column][\/vc_row][vc_row css_animation=\u00bb\u00bb row_type=\u00bbrow\u00bb use_row_as_full_screen_section=\u00bbno\u00bb type=\u00bbgrid\u00bb angled_section=\u00bbno\u00bb text_align=\u00bbleft\u00bb background_image_as_pattern=\u00bbwithout_pattern\u00bb css=\u00bb.vc_custom_1508166931693{margin-bottom: 150px !important;padding-top: 60px !important;}\u00bb][vc_column width=\u00bb1\/3&#8243;][vc_single_image image=\u00bb15826&#8243; img_size=\u00bblarge\u00bb alignment=\u00bbcenter\u00bb qode_css_animation=\u00bb\u00bb qode_hover_animation=\u00bbzoom_in\u00bb css=\u00bb.vc_custom_1509144155691{margin-bottom: 80px !important;}\u00bb][vc_column_text css=\u00bb.vc_custom_1508164881123{margin-bottom: 50px !important;}\u00bb]<\/p>\n<h5 class=\"&quot;color:#000\"><span style=\"color: #000000;\">Lancha r\u00e1pida de patrulla tipo \u201cSHALDAG FPB\u201d<\/span><\/h5>\n<p>[\/vc_column_text][vc_column_text]Nave de combate multimisiones, probada en combate para misiones de seguridad donde se requiere altas velocidades de intercepci\u00f3n sin sacrificar cualidades de protecci\u00f3n mar\u00edtima. F\u00e1cil de operar, bajo mantenimiento, equipada con sistemas de armamento livianos de \u00faltima generaci\u00f3n.[\/vc_column_text][\/vc_column][vc_column width=\u00bb1\/3&#8243;][vc_single_image image=\u00bb15824&#8243; img_size=\u00bblarge\u00bb alignment=\u00bbcenter\u00bb qode_css_animation=\u00bb\u00bb qode_hover_animation=\u00bbzoom_in\u00bb css=\u00bb.vc_custom_1509144174342{margin-bottom: 80px !important;}\u00bb][vc_column_text css=\u00bb.vc_custom_1508164890255{margin-bottom: 50px !important;}\u00bb]<\/p>\n<h5 class=\"&quot;color:#000\"><span style=\"color: #000000;\">Patrullero de Alta Mar (OPV)<\/span><\/h5>\n<p>[\/vc_column_text][vc_column_text]Una de las naves m\u00e1s conocidas, Desempe\u00f1a una amplia gama\u00a0\u00a0de misiones de defensa costera y seguridad, imponiendo las leyes mar\u00edtimas y soberan\u00eda nacional.[\/vc_column_text][\/vc_column][vc_column width=\u00bb1\/3&#8243;][vc_single_image image=\u00bb15825&#8243; img_size=\u00bblarge\u00bb alignment=\u00bbcenter\u00bb qode_css_animation=\u00bb\u00bb qode_hover_animation=\u00bbzoom_in\u00bb css=\u00bb.vc_custom_1509144188840{margin-bottom: 80px !important;}\u00bb][vc_column_text css=\u00bb.vc_custom_1509144021752{margin-bottom: 50px !important;}\u00bb]<\/p>\n<h5 class=\"color:#000\">Patrullero de ataque r\u00e1pido clase SAAR<\/h5>\n<p>[\/vc_column_text][vc_column_text]Primera lancha de ataque r\u00e1pido con misiles en el mundo occidental. probada como una respuesta efectiva a amenazas navales.[\/vc_column_text][\/vc_column][\/vc_row]<\/p>\n<\/div>","protected":false},"excerpt":{"rendered":"<p>[vc_row css_animation=\u00bb\u00bb row_type=\u00bbrow\u00bb use_row_as_full_screen_section=\u00bbyes\u00bb type=\u00bbgrid\u00bb header_style=\u00bblight\u00bb in_content_menu=\u00bbin_content_menu\u00bb content_menu_icon=\u00bb\u00bb angled_section=\u00bbno\u00bb text_align=\u00bbleft\u00bb background_image_as_pattern=\u00bbwithout_pattern\u00bb background_color=\u00bb#ffffff\u00bb css=\u00bb.vc_custom_1508164731149{padding-top: 80px !important;padding-bottom: 40px !important;background-color: #ffffff !important;}\u00bb][vc_column width=\u00bb1\/2&#8243;][vc_column_text css=\u00bb.vc_custom_1507131075497{margin-bottom: 80px !important;}\u00bb]Proporcionamos soluciones de llave en mano a trav\u00e9s de una amplia gama de dise\u00f1os para los mercados mar\u00edtimos\u00a0\u00a0navales y comerciales. Nuestra empresa es&#8230;<\/p>\n","protected":false},"author":1,"featured_media":0,"parent":0,"menu_order":0,"comment_status":"closed","ping_status":"closed","template":"full_width.php","meta":{"footnotes":""},"class_list":["post-15457","page","type-page","status-publish","hentry"],"_links":{"self":[{"href":"https:\/\/noasecurity.com\/es\/wp-json\/wp\/v2\/pages\/15457","targetHints":{"allow":["GET"]}}],"collection":[{"href":"https:\/\/noasecurity.com\/es\/wp-json\/wp\/v2\/pages"}],"about":[{"href":"https:\/\/noasecurity.com\/es\/wp-json\/wp\/v2\/types\/page"}],"author":[{"embeddable":true,"href":"https:\/\/noasecurity.com\/es\/wp-json\/wp\/v2\/users\/1"}],"replies":[{"embeddable":true,"href":"https:\/\/noasecurity.com\/es\/wp-json\/wp\/v2\/comments?post=15457"}],"version-history":[{"count":42,"href":"https:\/\/noasecurity.com\/es\/wp-json\/wp\/v2\/pages\/15457\/revisions"}],"predecessor-version":[{"id":15829,"href":"https:\/\/noasecurity.com\/es\/wp-json\/wp\/v2\/pages\/15457\/revisions\/15829"}],"wp:attachment":[{"href":"https:\/\/noasecurity.com\/es\/wp-json\/wp\/v2\/media?parent=15457"}],"curies":[{"name":"wp","href":"https:\/\/api.w.org\/{rel}","templated":true}]}}