{"id":15487,"date":"2017-10-04T16:00:21","date_gmt":"2017-10-04T16:00:21","guid":{"rendered":"http:\/\/noasecurity.com\/?page_id=15487"},"modified":"2017-10-27T20:34:21","modified_gmt":"2017-10-27T20:34:21","slug":"ejercito","status":"publish","type":"page","link":"https:\/\/noasecurity.com\/es\/ejercito\/","title":{"rendered":"Ej\u00e9rcito"},"content":{"rendered":"<div class=\"wpb-content-wrapper\"><p>[vc_row css_animation=\u00bb\u00bb row_type=\u00bbrow\u00bb use_row_as_full_screen_section=\u00bbno\u00bb type=\u00bbfull_width\u00bb angled_section=\u00bbno\u00bb text_align=\u00bbleft\u00bb background_image_as_pattern=\u00bbwithout_pattern\u00bb][vc_column]<div class='qode_image_gallery_no_space '><div class='qode_image_gallery_holder' style='height: 400px;'><ul  ><li  ><div style=\"height: 400px; width:601px;\"><img decoding=\"async\" itemprop=\"image\" src=\"https:\/\/noasecurity.com\/wp-content\/uploads\/2017\/10\/IMG_0885.jpg\" alt=\"\" \/><\/div><\/li><li  ><div style=\"height: 400px; width:547px;\"><img decoding=\"async\" itemprop=\"image\" src=\"https:\/\/noasecurity.com\/wp-content\/uploads\/2017\/10\/IMG_24753.png\" alt=\"\" \/><\/div><\/li><li  ><div style=\"height: 400px; width:712px;\"><img decoding=\"async\" itemprop=\"image\" src=\"https:\/\/noasecurity.com\/wp-content\/uploads\/2017\/10\/77-01.jpg\" alt=\"\" \/><\/div><\/li><\/ul><\/div><div class=\"controls\"><a class=\"prev-slide\" href=\"#\"><span><i class=\"fa fa-angle-left\"><\/i><\/span><\/a><a class=\"next-slide\" href=\"#\"><span><i class=\"fa fa-angle-right\"><\/i><\/span><\/a><\/div><\/div>[\/vc_column][\/vc_row][vc_row css_animation=\u00bb\u00bb row_type=\u00bbrow\u00bb use_row_as_full_screen_section=\u00bbno\u00bb type=\u00bbfull_width\u00bb angled_section=\u00bbno\u00bb text_align=\u00bbleft\u00bb background_image_as_pattern=\u00bbwithout_pattern\u00bb css=\u00bb.vc_custom_1509136272526{margin-top: 60px !important;margin-bottom: 80px !important;}\u00bb][vc_column][vc_column_text]<\/p>\n<h3 class=\"itemTitle\" style=\"text-align: center;\"><span style=\"color: #000000;\">Sistemas Terrestres y C4I<\/span><\/h3>\n<p>[\/vc_column_text][\/vc_column][\/vc_row][vc_row css_animation=\u00bb\u00bb row_type=\u00bbrow\u00bb use_row_as_full_screen_section=\u00bbno\u00bb type=\u00bbgrid\u00bb angled_section=\u00bbno\u00bb text_align=\u00bbleft\u00bb background_image_as_pattern=\u00bbwithout_pattern\u00bb css=\u00bb.vc_custom_1509136352613{margin-top: 10px !important;margin-bottom: 80px !important;}\u00bb][vc_column width=\u00bb1\/3&#8243;][vc_column_text]Noa Security proporciona una amplia gama de sistemas y sensores para las fuerzas terrestres, a trav\u00e9s de soluciones que cubren todos los aspectos de los veh\u00edculos de combate, desde una completa modernizaci\u00f3n lo que permite incrementar el ciclo de vida de los vehiculos, mantenimiento y capacitaci\u00f3n del personal que hace uso de ellos.\u00a0 nuestros Productos, sistemas y servicios son probados en combate a trav\u00e9s de todas las fuerzas terrestres, veh\u00edculos blindados y unidades de las FDI.[\/vc_column_text][\/vc_column][vc_column width=\u00bb1\/3&#8243;][vc_column_text]Entre los proyectos desarrollados destacan las Mejoras de Veh\u00edculos de Combate.<br \/>\nEn los cuales se comprueba un inigualable rendimiento en condiciones de batalla, incluyendo alta probabilidad de impacto al primer disparo, a larga distancia, de d\u00eda o de noche y en movimiento contra blancos m\u00f3viles. Fiable, costo conveniente y f\u00e1cilmente configurable a una amplia variedad de AFVs y MBTs. El sistema comprende desde sistemas FCS simplificados para torretas unipersonales hasta MBT\u00b4s de vanguardia con FCS\u00b4s cazador-matador de alta performance.[\/vc_column_text][\/vc_column][vc_column width=\u00bb1\/3&#8243;][vc_column_text]Adem\u00e1s contamos con una amplia gama de sofisticados sistemas de alerta de l\u00e1ser para los AFV. F\u00e1cil de adaptar para satisfacer las necesidades espec\u00edficas, suministrando a la tripulaci\u00f3n\u00a0 las advertencias precisas para apoyar una respuesta eficaz y oportuna a las amenazas de l\u00e1ser.<\/p>\n<p>Sistema Digital de Intercomunicaci\u00f3n<br \/>\nIntercomunicaci\u00f3n a bordo del veh\u00edculo, brindando comunicaciones integradas para veh\u00edculos de combate, incluyendo comunicaciones de d\u00faplex completo entre los miembros de la tripulaci\u00f3n as\u00ed como una conectividad integral con los soldados de a pie.[\/vc_column_text][\/vc_column][\/vc_row]<\/p>\n<\/div>","protected":false},"excerpt":{"rendered":"<p>[vc_row css_animation=\u00bb\u00bb row_type=\u00bbrow\u00bb use_row_as_full_screen_section=\u00bbno\u00bb type=\u00bbfull_width\u00bb angled_section=\u00bbno\u00bb text_align=\u00bbleft\u00bb background_image_as_pattern=\u00bbwithout_pattern\u00bb][vc_column][\/vc_column][\/vc_row][vc_row css_animation=\u00bb\u00bb row_type=\u00bbrow\u00bb use_row_as_full_screen_section=\u00bbno\u00bb type=\u00bbfull_width\u00bb angled_section=\u00bbno\u00bb text_align=\u00bbleft\u00bb background_image_as_pattern=\u00bbwithout_pattern\u00bb css=\u00bb.vc_custom_1509136272526{margin-top: 60px !important;margin-bottom: 80px !important;}\u00bb][vc_column][vc_column_text] Sistemas Terrestres y C4I [\/vc_column_text][\/vc_column][\/vc_row][vc_row css_animation=\u00bb\u00bb row_type=\u00bbrow\u00bb use_row_as_full_screen_section=\u00bbno\u00bb type=\u00bbgrid\u00bb angled_section=\u00bbno\u00bb text_align=\u00bbleft\u00bb background_image_as_pattern=\u00bbwithout_pattern\u00bb css=\u00bb.vc_custom_1509136352613{margin-top: 10px !important;margin-bottom: 80px !important;}\u00bb][vc_column width=\u00bb1\/3&#8243;][vc_column_text]Noa Security proporciona una amplia gama de sistemas&#8230;<\/p>\n","protected":false},"author":1,"featured_media":0,"parent":0,"menu_order":0,"comment_status":"closed","ping_status":"closed","template":"full_width.php","meta":{"footnotes":""},"class_list":["post-15487","page","type-page","status-publish","hentry"],"_links":{"self":[{"href":"https:\/\/noasecurity.com\/es\/wp-json\/wp\/v2\/pages\/15487","targetHints":{"allow":["GET"]}}],"collection":[{"href":"https:\/\/noasecurity.com\/es\/wp-json\/wp\/v2\/pages"}],"about":[{"href":"https:\/\/noasecurity.com\/es\/wp-json\/wp\/v2\/types\/page"}],"author":[{"embeddable":true,"href":"https:\/\/noasecurity.com\/es\/wp-json\/wp\/v2\/users\/1"}],"replies":[{"embeddable":true,"href":"https:\/\/noasecurity.com\/es\/wp-json\/wp\/v2\/comments?post=15487"}],"version-history":[{"count":13,"href":"https:\/\/noasecurity.com\/es\/wp-json\/wp\/v2\/pages\/15487\/revisions"}],"predecessor-version":[{"id":15809,"href":"https:\/\/noasecurity.com\/es\/wp-json\/wp\/v2\/pages\/15487\/revisions\/15809"}],"wp:attachment":[{"href":"https:\/\/noasecurity.com\/es\/wp-json\/wp\/v2\/media?parent=15487"}],"curies":[{"name":"wp","href":"https:\/\/api.w.org\/{rel}","templated":true}]}}