{"id":15502,"date":"2017-10-04T16:46:30","date_gmt":"2017-10-04T16:46:30","guid":{"rendered":"http:\/\/noasecurity.com\/?page_id=15502"},"modified":"2017-11-06T14:14:23","modified_gmt":"2017-11-06T14:14:23","slug":"formacionycapacitacion","status":"publish","type":"page","link":"https:\/\/noasecurity.com\/es\/formacionycapacitacion\/","title":{"rendered":"Formaci\u00f3n y capacitaci\u00f3n de unidades de seguridad e inteligencia"},"content":{"rendered":"<div class=\"wpb-content-wrapper\"><p>[vc_row css_animation=\u00bb\u00bb row_type=\u00bbrow\u00bb use_row_as_full_screen_section=\u00bbno\u00bb type=\u00bbfull_width\u00bb angled_section=\u00bbno\u00bb text_align=\u00bbleft\u00bb background_image_as_pattern=\u00bbwithout_pattern\u00bb][vc_column]<div class='qode_image_gallery_no_space light'><div class='qode_image_gallery_holder' style='height: 500px;'><ul  ><li  ><div style=\"height: 500px; width:375px;\"><img decoding=\"async\" itemprop=\"image\" src=\"https:\/\/noasecurity.com\/wp-content\/uploads\/2017\/10\/7.bmp\" alt=\"\" \/><\/div><\/li><li  ><div style=\"height: 500px; width:865px;\"><img decoding=\"async\" itemprop=\"image\" src=\"https:\/\/noasecurity.com\/wp-content\/uploads\/2017\/10\/IWI_9305.jpg\" alt=\"\" \/><\/div><\/li><li  ><div style=\"height: 500px; width:575px;\"><img decoding=\"async\" itemprop=\"image\" src=\"https:\/\/noasecurity.com\/wp-content\/uploads\/2017\/10\/IWI_9318.jpg\" alt=\"\" \/><\/div><\/li><li  ><div style=\"height: 500px; width:883px;\"><img decoding=\"async\" itemprop=\"image\" src=\"https:\/\/noasecurity.com\/wp-content\/uploads\/2017\/10\/MVI_0250.MOV_snapshot_00.17_2010.11.29_22.39.07.jpg\" alt=\"\" \/><\/div><\/li><li  ><div style=\"height: 500px; width:883px;\"><img decoding=\"async\" itemprop=\"image\" src=\"https:\/\/noasecurity.com\/wp-content\/uploads\/2017\/10\/MVI_0301.MOV_snapshot_00.27_2010.11.29_22.54.25.jpg\" alt=\"\" \/><\/div><\/li><\/ul><\/div><div class=\"controls\"><a class=\"prev-slide\" href=\"#\"><span><i class=\"fa fa-angle-left\"><\/i><\/span><\/a><a class=\"next-slide\" href=\"#\"><span><i class=\"fa fa-angle-right\"><\/i><\/span><\/a><\/div><\/div>[\/vc_column][\/vc_row][vc_row css_animation=\u00bb\u00bb row_type=\u00bbrow\u00bb use_row_as_full_screen_section=\u00bbno\u00bb type=\u00bbgrid\u00bb angled_section=\u00bbno\u00bb text_align=\u00bbleft\u00bb background_image_as_pattern=\u00bbwithout_pattern\u00bb css=\u00bb.vc_custom_1508172582318{padding-top: 80px !important;padding-bottom: 60px !important;background-color: #ffffff !important;}\u00bb][vc_column][vc_column_text]<\/p>\n<h4 style=\"text-align: center;\"><strong><span style=\"color: #000000;\">La importancia de la unidad de Inteligencia para NOA<\/span>:<\/strong><\/h4>\n<p>&nbsp;<\/p>\n<p>Es\u00a0la de manejar con mayor diligencia los distintos sucesos que se dan en la sociedad actual,\u00a0dar respuesta eficiente a las diferentes contingencias emergentes\u00a0\u00a0y devolver\u00a0\u00a0a la ciudadan\u00eda la tranquilidad de restablecer la convivencia pac\u00edfica\u00a0\u00a0y la seguridad interna, conteniendo eficazmente la violencia y los ataques del crimen organizado.[\/vc_column_text][vc_column_text]LA ACADEMIA NOA IMPLEMENTA PROYECTOS DISE\u00d1ADOS PARA MEJOR LOS NIVELES PROFESIONALES DE LOS CUERPOS DE SEGURIDAD Y DEFENSA DE ACUERDO A LOS STANDARES A NIVEL MUNDIAL.<\/p>\n<p>[\/vc_column_text][\/vc_column][\/vc_row][vc_row css_animation=\u00bb\u00bb row_type=\u00bbrow\u00bb use_row_as_full_screen_section=\u00bbno\u00bb type=\u00bbgrid\u00bb angled_section=\u00bbno\u00bb text_align=\u00bbcenter\u00bb background_image_as_pattern=\u00bbwithout_pattern\u00bb css=\u00bb.vc_custom_1509136554419{padding-top: 60px !important;padding-bottom: 50px !important;}\u00bb][vc_column][vc_column_text]<\/p>\n<h4 style=\"text-align: center;\"><span style=\"color: #000000;\">Algunos de nuestras capacitaciones:<\/span><\/h4>\n<p>[\/vc_column_text][\/vc_column][\/vc_row][vc_row css_animation=\u00bb\u00bb row_type=\u00bbrow\u00bb use_row_as_full_screen_section=\u00bbno\u00bb type=\u00bbgrid\u00bb angled_section=\u00bbno\u00bb text_align=\u00bbleft\u00bb background_image_as_pattern=\u00bbwithout_pattern\u00bb css=\u00bb.vc_custom_1508172824981{margin-bottom: 150px !important;padding-top: 60px !important;}\u00bb][vc_column width=\u00bb1\/2&#8243;][vc_column_text css=\u00bb.vc_custom_1509049244265{margin-bottom: 20px !important;}\u00bb]*Formaci\u00f3n y capacitaci\u00f3n de Unidades anti terror[\/vc_column_text][vc_column_text css=\u00bb.vc_custom_1509049259657{margin-bottom: 20px !important;}\u00bb]* Formaci\u00f3n y capacitaci\u00f3n de Unidades de Inteligencia[\/vc_column_text][vc_column_text css=\u00bb.vc_custom_1509050277384{margin-bottom: 20px !important;}\u00bb]*Inteligencia policial para combatir delincuencia com\u00fan, crimen, drogas, prostituci\u00f3n, fraude etc.[\/vc_column_text][\/vc_column][vc_column width=\u00bb1\/2&#8243;][vc_column_text css=\u00bb.vc_custom_1509050296882{margin-bottom: 20px !important;}\u00bb]*Unidades especiales para asegurar puntos fronterizos y control de inmigraci\u00f3n[\/vc_column_text][vc_column_text css=\u00bb.vc_custom_1509050308398{margin-bottom: 20px !important;}\u00bb]* Formaci\u00f3n y capacitaci\u00f3n Polic\u00eda Comunitaria.[\/vc_column_text][vc_column_text css=\u00bb.vc_custom_1509050317101{margin-bottom: 20px !important;}\u00bb]*Establecimiento de unidades Especiales de intervenci\u00f3n inmediata[\/vc_column_text][vc_column_text css=\u00bb.vc_custom_1508172521160{margin-bottom: 20px !important;}\u00bb]* Establecimiento de unidades especiales de intervenci\u00f3n inmediata.[\/vc_column_text][\/vc_column][\/vc_row]<\/p>\n<\/div>","protected":false},"excerpt":{"rendered":"<p>[vc_row css_animation=\u00bb\u00bb row_type=\u00bbrow\u00bb use_row_as_full_screen_section=\u00bbno\u00bb type=\u00bbfull_width\u00bb angled_section=\u00bbno\u00bb text_align=\u00bbleft\u00bb background_image_as_pattern=\u00bbwithout_pattern\u00bb][vc_column][\/vc_column][\/vc_row][vc_row css_animation=\u00bb\u00bb row_type=\u00bbrow\u00bb use_row_as_full_screen_section=\u00bbno\u00bb type=\u00bbgrid\u00bb angled_section=\u00bbno\u00bb text_align=\u00bbleft\u00bb background_image_as_pattern=\u00bbwithout_pattern\u00bb css=\u00bb.vc_custom_1508172582318{padding-top: 80px !important;padding-bottom: 60px !important;background-color: #ffffff !important;}\u00bb][vc_column][vc_column_text] La importancia de la unidad de Inteligencia para NOA: &nbsp; Es\u00a0la de manejar con mayor diligencia los distintos sucesos que se dan en&#8230;<\/p>\n","protected":false},"author":1,"featured_media":0,"parent":0,"menu_order":0,"comment_status":"closed","ping_status":"closed","template":"full_width.php","meta":{"footnotes":""},"class_list":["post-15502","page","type-page","status-publish","hentry"],"_links":{"self":[{"href":"https:\/\/noasecurity.com\/es\/wp-json\/wp\/v2\/pages\/15502","targetHints":{"allow":["GET"]}}],"collection":[{"href":"https:\/\/noasecurity.com\/es\/wp-json\/wp\/v2\/pages"}],"about":[{"href":"https:\/\/noasecurity.com\/es\/wp-json\/wp\/v2\/types\/page"}],"author":[{"embeddable":true,"href":"https:\/\/noasecurity.com\/es\/wp-json\/wp\/v2\/users\/1"}],"replies":[{"embeddable":true,"href":"https:\/\/noasecurity.com\/es\/wp-json\/wp\/v2\/comments?post=15502"}],"version-history":[{"count":33,"href":"https:\/\/noasecurity.com\/es\/wp-json\/wp\/v2\/pages\/15502\/revisions"}],"predecessor-version":[{"id":15958,"href":"https:\/\/noasecurity.com\/es\/wp-json\/wp\/v2\/pages\/15502\/revisions\/15958"}],"wp:attachment":[{"href":"https:\/\/noasecurity.com\/es\/wp-json\/wp\/v2\/media?parent=15502"}],"curies":[{"name":"wp","href":"https:\/\/api.w.org\/{rel}","templated":true}]}}