{"id":15507,"date":"2017-10-04T17:08:22","date_gmt":"2017-10-04T17:08:22","guid":{"rendered":"http:\/\/noasecurity.com\/?page_id=15507"},"modified":"2017-10-30T18:07:36","modified_gmt":"2017-10-30T18:07:36","slug":"seguridad-en-aeropuertos","status":"publish","type":"page","link":"https:\/\/noasecurity.com\/es\/seguridad-en-aeropuertos\/","title":{"rendered":"Seguridad en Aeropuertos"},"content":{"rendered":"<div class=\"wpb-content-wrapper\"><p>[vc_row css_animation=\u00bb\u00bb row_type=\u00bbrow\u00bb use_row_as_full_screen_section=\u00bbno\u00bb type=\u00bbfull_width\u00bb angled_section=\u00bbno\u00bb text_align=\u00bbleft\u00bb background_image_as_pattern=\u00bbwithout_pattern\u00bb css=\u00bb.vc_custom_1509386746172{margin-bottom: 80px !important;}\u00bb][vc_column]<div class='qode_image_gallery_no_space '><div class='qode_image_gallery_holder' style='height: 300px;'><ul  ><li  ><div style=\"height: 300px; width:437px;\"><img decoding=\"async\" itemprop=\"image\" src=\"https:\/\/noasecurity.com\/wp-content\/uploads\/2017\/10\/IMG_2567.jpg\" alt=\"\" \/><\/div><\/li><li  ><div style=\"height: 300px; width:540px;\"><img decoding=\"async\" itemprop=\"image\" src=\"https:\/\/noasecurity.com\/wp-content\/uploads\/2017\/10\/IMG_2568.jpg\" alt=\"\" \/><\/div><\/li><li  ><div style=\"height: 300px; width:695px;\"><img decoding=\"async\" itemprop=\"image\" src=\"https:\/\/noasecurity.com\/wp-content\/uploads\/2017\/10\/22c02097e4438bd2f2f3fe4a6a3ab0e1_XL.jpg\" alt=\"\" \/><\/div><\/li><\/ul><\/div><div class=\"controls\"><a class=\"prev-slide\" href=\"#\"><span><i class=\"fa fa-angle-left\"><\/i><\/span><\/a><a class=\"next-slide\" href=\"#\"><span><i class=\"fa fa-angle-right\"><\/i><\/span><\/a><\/div><\/div>[\/vc_column][\/vc_row][vc_row css_animation=\u00bb\u00bb row_type=\u00bbrow\u00bb use_row_as_full_screen_section=\u00bbno\u00bb type=\u00bbgrid\u00bb angled_section=\u00bbno\u00bb text_align=\u00bbleft\u00bb background_image_as_pattern=\u00bbwithout_pattern\u00bb css=\u00bb.vc_custom_1509386679899{border-top-width: 80px !important;padding-bottom: 80px !important;}\u00bb][vc_column width=\u00bb1\/3&#8243;][vc_column_text css=\u00bb.vc_custom_1507136805380{margin-bottom: 100px !important;}\u00bb]La seguridad aeroportuaria ha visto modificado su modelo de gesti\u00f3n a ra\u00edz de los tr\u00e1gicos atentados del 11 de septiembre.[\/vc_column_text][\/vc_column][vc_column width=\u00bb1\/3&#8243;][vc_column_text css=\u00bb.vc_custom_1507136852650{margin-bottom: 100px !important;}\u00bb]El Gobierno de los Estados Unidos puso en marcha un nuevo m\u00e9todo de selecci\u00f3n de los jefes de seguridad de los aeropuertos del pa\u00eds, para lo que cre\u00f3 un nuevo organismo oficial, La Administraci\u00f3n de Seguridad de Transporte (TSA), en dependencia del Ministerio de Transporte[\/vc_column_text][\/vc_column][vc_column width=\u00bb1\/3&#8243;][vc_column_text css=\u00bb.vc_custom_1507136836572{margin-bottom: 100px !important;}\u00bb]El objetivo era\u00a0 encontrar profesionales capaces\u00a0 de velar por la seguridad\u00a0 integral de un aeropuerto, para prevenir una crisis como la provocada por los atentados del pasado 11 de septiembre en Nueva York.[\/vc_column_text][\/vc_column][\/vc_row]<\/p>\n<\/div>","protected":false},"excerpt":{"rendered":"<p>[vc_row css_animation=\u00bb\u00bb row_type=\u00bbrow\u00bb use_row_as_full_screen_section=\u00bbno\u00bb type=\u00bbfull_width\u00bb angled_section=\u00bbno\u00bb text_align=\u00bbleft\u00bb background_image_as_pattern=\u00bbwithout_pattern\u00bb css=\u00bb.vc_custom_1509386746172{margin-bottom: 80px !important;}\u00bb][vc_column][\/vc_column][\/vc_row][vc_row css_animation=\u00bb\u00bb row_type=\u00bbrow\u00bb use_row_as_full_screen_section=\u00bbno\u00bb type=\u00bbgrid\u00bb angled_section=\u00bbno\u00bb text_align=\u00bbleft\u00bb background_image_as_pattern=\u00bbwithout_pattern\u00bb css=\u00bb.vc_custom_1509386679899{border-top-width: 80px !important;padding-bottom: 80px !important;}\u00bb][vc_column width=\u00bb1\/3&#8243;][vc_column_text css=\u00bb.vc_custom_1507136805380{margin-bottom: 100px !important;}\u00bb]La seguridad aeroportuaria ha visto modificado su modelo de gesti\u00f3n a ra\u00edz de los tr\u00e1gicos atentados del 11 de&#8230;<\/p>\n","protected":false},"author":1,"featured_media":0,"parent":0,"menu_order":0,"comment_status":"closed","ping_status":"closed","template":"full_width.php","meta":{"footnotes":""},"class_list":["post-15507","page","type-page","status-publish","hentry"],"_links":{"self":[{"href":"https:\/\/noasecurity.com\/es\/wp-json\/wp\/v2\/pages\/15507","targetHints":{"allow":["GET"]}}],"collection":[{"href":"https:\/\/noasecurity.com\/es\/wp-json\/wp\/v2\/pages"}],"about":[{"href":"https:\/\/noasecurity.com\/es\/wp-json\/wp\/v2\/types\/page"}],"author":[{"embeddable":true,"href":"https:\/\/noasecurity.com\/es\/wp-json\/wp\/v2\/users\/1"}],"replies":[{"embeddable":true,"href":"https:\/\/noasecurity.com\/es\/wp-json\/wp\/v2\/comments?post=15507"}],"version-history":[{"count":18,"href":"https:\/\/noasecurity.com\/es\/wp-json\/wp\/v2\/pages\/15507\/revisions"}],"predecessor-version":[{"id":15869,"href":"https:\/\/noasecurity.com\/es\/wp-json\/wp\/v2\/pages\/15507\/revisions\/15869"}],"wp:attachment":[{"href":"https:\/\/noasecurity.com\/es\/wp-json\/wp\/v2\/media?parent=15507"}],"curies":[{"name":"wp","href":"https:\/\/api.w.org\/{rel}","templated":true}]}}