{"id":15511,"date":"2017-10-04T17:17:01","date_gmt":"2017-10-04T17:17:01","guid":{"rendered":"http:\/\/noasecurity.com\/?page_id=15511"},"modified":"2017-10-27T23:12:56","modified_gmt":"2017-10-27T23:12:56","slug":"seguridad-portuaria","status":"publish","type":"page","link":"https:\/\/noasecurity.com\/es\/seguridad-portuaria\/","title":{"rendered":"Seguridad Portuaria"},"content":{"rendered":"<div class=\"wpb-content-wrapper\"><p>[vc_row css_animation=\u00bb\u00bb row_type=\u00bbrow\u00bb use_row_as_full_screen_section=\u00bbno\u00bb type=\u00bbfull_width\u00bb angled_section=\u00bbno\u00bb text_align=\u00bbleft\u00bb background_image_as_pattern=\u00bbwithout_pattern\u00bb][vc_column][vc_single_image image=\u00bb15838&#8243; img_size=\u00bbfull\u00bb alignment=\u00bbcenter\u00bb qode_css_animation=\u00bb\u00bb css=\u00bb.vc_custom_1509145966065{margin-bottom: 80px !important;}\u00bb][\/vc_column][\/vc_row][vc_row css_animation=\u00bb\u00bb row_type=\u00bbrow\u00bb use_row_as_full_screen_section=\u00bbno\u00bb type=\u00bbfull_width\u00bb angled_section=\u00bbno\u00bb text_align=\u00bbleft\u00bb background_image_as_pattern=\u00bbwithout_pattern\u00bb][vc_column width=\u00bb1\/2&#8243;][vc_column_text css=\u00bb.vc_custom_1507137381143{margin-bottom: 100px !important;}\u00bb]En vista de los cambios que ocurren alrededor del mundo hay nuevas exigencias de seguridad incluidas en \u00abla Capa de lluvia de Seguridad de Puerto y Barco Internacional (C\u00f3digo de ISPS) publicadas por la organizaci\u00f3n Mar\u00edtima internacional (IMO).[\/vc_column_text][\/vc_column][vc_column width=\u00bb1\/2&#8243;][vc_column_text css=\u00bb.vc_custom_1507137412258{margin-bottom: 100px !important;}\u00bb]En tiempos recientes, la realizaci\u00f3n del c\u00f3digo se ha hecho una actividad focal para la Compa\u00f1\u00eda.<br \/>\nLa Divisi\u00f3n Mar\u00edtima de la Compa\u00f1\u00eda NOA se especializa en ISPS que consulta el trabajo y el establecimiento pr\u00e1ctico de las infraestructuras de seguridad complejas requeridas a fin de proteger instalaciones nacionales vitales como puertos y la variedad entera de necesidades de seguridad mar\u00edtimas (pasajero y buques de carga).[\/vc_column_text][\/vc_column][\/vc_row]<\/p>\n<\/div>","protected":false},"excerpt":{"rendered":"<p>[vc_row css_animation=\u00bb\u00bb row_type=\u00bbrow\u00bb use_row_as_full_screen_section=\u00bbno\u00bb type=\u00bbfull_width\u00bb angled_section=\u00bbno\u00bb text_align=\u00bbleft\u00bb background_image_as_pattern=\u00bbwithout_pattern\u00bb][vc_column][vc_single_image image=\u00bb15838&#8243; img_size=\u00bbfull\u00bb alignment=\u00bbcenter\u00bb qode_css_animation=\u00bb\u00bb css=\u00bb.vc_custom_1509145966065{margin-bottom: 80px !important;}\u00bb][\/vc_column][\/vc_row][vc_row css_animation=\u00bb\u00bb row_type=\u00bbrow\u00bb use_row_as_full_screen_section=\u00bbno\u00bb type=\u00bbfull_width\u00bb angled_section=\u00bbno\u00bb text_align=\u00bbleft\u00bb background_image_as_pattern=\u00bbwithout_pattern\u00bb][vc_column width=\u00bb1\/2&#8243;][vc_column_text css=\u00bb.vc_custom_1507137381143{margin-bottom: 100px !important;}\u00bb]En vista de los cambios que ocurren alrededor del mundo hay nuevas exigencias de seguridad incluidas en \u00abla Capa de&#8230;<\/p>\n","protected":false},"author":1,"featured_media":0,"parent":0,"menu_order":0,"comment_status":"closed","ping_status":"closed","template":"full_width.php","meta":{"footnotes":""},"class_list":["post-15511","page","type-page","status-publish","hentry"],"_links":{"self":[{"href":"https:\/\/noasecurity.com\/es\/wp-json\/wp\/v2\/pages\/15511","targetHints":{"allow":["GET"]}}],"collection":[{"href":"https:\/\/noasecurity.com\/es\/wp-json\/wp\/v2\/pages"}],"about":[{"href":"https:\/\/noasecurity.com\/es\/wp-json\/wp\/v2\/types\/page"}],"author":[{"embeddable":true,"href":"https:\/\/noasecurity.com\/es\/wp-json\/wp\/v2\/users\/1"}],"replies":[{"embeddable":true,"href":"https:\/\/noasecurity.com\/es\/wp-json\/wp\/v2\/comments?post=15511"}],"version-history":[{"count":5,"href":"https:\/\/noasecurity.com\/es\/wp-json\/wp\/v2\/pages\/15511\/revisions"}],"predecessor-version":[{"id":15840,"href":"https:\/\/noasecurity.com\/es\/wp-json\/wp\/v2\/pages\/15511\/revisions\/15840"}],"wp:attachment":[{"href":"https:\/\/noasecurity.com\/es\/wp-json\/wp\/v2\/media?parent=15511"}],"curies":[{"name":"wp","href":"https:\/\/api.w.org\/{rel}","templated":true}]}}