{"id":15514,"date":"2017-10-04T17:20:24","date_gmt":"2017-10-04T17:20:24","guid":{"rendered":"http:\/\/noasecurity.com\/?page_id=15514"},"modified":"2017-11-06T15:00:30","modified_gmt":"2017-11-06T15:00:30","slug":"sistema-deteccion","status":"publish","type":"page","link":"https:\/\/noasecurity.com\/es\/sistema-deteccion\/","title":{"rendered":"Sistema  de detecci\u00f3n"},"content":{"rendered":"<div class=\"wpb-content-wrapper\"><p>[vc_row css_animation=\u00bb\u00bb row_type=\u00bbrow\u00bb use_row_as_full_screen_section=\u00bbno\u00bb type=\u00bbgrid\u00bb angled_section=\u00bbno\u00bb text_align=\u00bbleft\u00bb background_image_as_pattern=\u00bbwithout_pattern\u00bb][vc_column][vc_column_text css=\u00bb.vc_custom_1507137569763{margin-bottom: 20px !important;}\u00bb]<\/p>\n<h5>\u00a0En Noa proporcionamos una gama de soluciones seg\u00fan su \u00e1mbito de aplicaci\u00f3n:<\/h5>\n<p>[\/vc_column_text][\/vc_column][\/vc_row][vc_row css_animation=\u00bb\u00bb row_type=\u00bbrow\u00bb use_row_as_full_screen_section=\u00bbno\u00bb type=\u00bbgrid\u00bb angled_section=\u00bbno\u00bb text_align=\u00bbleft\u00bb background_image_as_pattern=\u00bbwithout_pattern\u00bb][vc_column][vc_column_text css=\u00bb.vc_custom_1507137588395{margin-bottom: 50px !important;}\u00bb]<\/p>\n<div id=\"yui_3_16_0_1_1429202283829_6935\">&#8211; Militar: radares de detecci\u00f3n terrestre,radares de artiller\u00eda<\/div>\n<div id=\"yui_3_16_0_1_1429202283829_6936\">&#8211; Aeron\u00e1utico: control del trafico a\u00e9reo, gu\u00eda de aproximaci\u00f3n al aeropuerto,radares de navegaci\u00f3n<\/div>\n<div id=\"yui_3_16_0_1_1429202283829_6937\">&#8211; Mar\u00edtimo: Radar de navegaci\u00f3n, radar anti-colisi\u00f3n<\/div>\n<p>[\/vc_column_text][\/vc_column][\/vc_row][vc_row css_animation=\u00bb\u00bb row_type=\u00bbrow\u00bb use_row_as_full_screen_section=\u00bbno\u00bb type=\u00bbgrid\u00bb angled_section=\u00bbno\u00bb text_align=\u00bbleft\u00bb background_image_as_pattern=\u00bbwithout_pattern\u00bb][vc_column][vc_column_text css=\u00bb.vc_custom_1507137617384{margin-bottom: 100px !important;}\u00bb]<\/p>\n<div><\/div>\n<div>\n<h6 id=\"yui_3_16_0_1_1429202283829_6939\">Contamos con muchas soluciones de acuerdo a sus necesidades para mas informaci\u00f3n contactarnos a\u00a0<a href=\"mailto:%20%3Cscript%20type='text\/javascript'%3E%20%3C!--%20var%20prefix%20=%20'ma'%20+%20'il'%20+%20'to';%20var%20path%20=%20'hr'%20+%20'ef'%20+%20'=';%20var%20addy64266%20=%20'info'%20+%20'@';%20addy64266%20=%20addy64266%20+%20'noasecurity'%20+%20'.'%20+%20'com';%20document.write('%3Ca%20'%20+%20path%20+%20'\\''%20+%20prefix%20+%20':'%20+%20addy64266%20+%20'\\'%3E');%20document.write(addy64266);%20document.write('%3C\\\/a%3E');%20\/\/--%3E\\n%20%3C\/script%3E%3Cscript%20type='text\/javascript'%3E%20%3C!--%20document.write('%3Cspan%20style=\\'display:%20none;\\'%3E');%20\/\/--%3E%20%3C\/script%3EEsta%20direcci%C3%B3n%20de%20correo%20electr%C3%B3nico%20est%C3%A1%20siendo%20protegida%20contra%20los%20robots%20de%20spam.%20Necesita%20tener%20JavaScript%20habilitado%20para%20poder%20verlo.%20%3Cscript%20type='text\/javascript'%3E%20%3C!--%20document.write('%3C\/');%20document.write('span%3E');%20\/\/--%3E%20%3C\/script%3E\" target=\"_blank\" rel=\"noopener\">\u00a0<\/a><a href=\"mailto:info@noasecurity.com\">info@noasecurity.com<\/a><\/h6>\n<\/div>\n<p>[\/vc_column_text][\/vc_column][\/vc_row]<\/p>\n<\/div>","protected":false},"excerpt":{"rendered":"<p>[vc_row css_animation=\u00bb\u00bb row_type=\u00bbrow\u00bb use_row_as_full_screen_section=\u00bbno\u00bb type=\u00bbgrid\u00bb angled_section=\u00bbno\u00bb text_align=\u00bbleft\u00bb background_image_as_pattern=\u00bbwithout_pattern\u00bb][vc_column][vc_column_text css=\u00bb.vc_custom_1507137569763{margin-bottom: 20px !important;}\u00bb] \u00a0En Noa proporcionamos una gama de soluciones seg\u00fan su \u00e1mbito de aplicaci\u00f3n: [\/vc_column_text][\/vc_column][\/vc_row][vc_row css_animation=\u00bb\u00bb row_type=\u00bbrow\u00bb use_row_as_full_screen_section=\u00bbno\u00bb type=\u00bbgrid\u00bb angled_section=\u00bbno\u00bb text_align=\u00bbleft\u00bb background_image_as_pattern=\u00bbwithout_pattern\u00bb][vc_column][vc_column_text css=\u00bb.vc_custom_1507137588395{margin-bottom: 50px !important;}\u00bb] &#8211; Militar: radares de detecci\u00f3n terrestre,radares de artiller\u00eda &#8211; Aeron\u00e1utico: control&#8230;<\/p>\n","protected":false},"author":1,"featured_media":0,"parent":0,"menu_order":0,"comment_status":"closed","ping_status":"closed","template":"full_width.php","meta":{"footnotes":""},"class_list":["post-15514","page","type-page","status-publish","hentry"],"_links":{"self":[{"href":"https:\/\/noasecurity.com\/es\/wp-json\/wp\/v2\/pages\/15514","targetHints":{"allow":["GET"]}}],"collection":[{"href":"https:\/\/noasecurity.com\/es\/wp-json\/wp\/v2\/pages"}],"about":[{"href":"https:\/\/noasecurity.com\/es\/wp-json\/wp\/v2\/types\/page"}],"author":[{"embeddable":true,"href":"https:\/\/noasecurity.com\/es\/wp-json\/wp\/v2\/users\/1"}],"replies":[{"embeddable":true,"href":"https:\/\/noasecurity.com\/es\/wp-json\/wp\/v2\/comments?post=15514"}],"version-history":[{"count":4,"href":"https:\/\/noasecurity.com\/es\/wp-json\/wp\/v2\/pages\/15514\/revisions"}],"predecessor-version":[{"id":15960,"href":"https:\/\/noasecurity.com\/es\/wp-json\/wp\/v2\/pages\/15514\/revisions\/15960"}],"wp:attachment":[{"href":"https:\/\/noasecurity.com\/es\/wp-json\/wp\/v2\/media?parent=15514"}],"curies":[{"name":"wp","href":"https:\/\/api.w.org\/{rel}","templated":true}]}}