{"id":15527,"date":"2017-10-05T19:37:45","date_gmt":"2017-10-05T19:37:45","guid":{"rendered":"http:\/\/noasecurity.com\/?page_id=15527"},"modified":"2017-11-06T16:24:36","modified_gmt":"2017-11-06T16:24:36","slug":"smart-city","status":"publish","type":"page","link":"https:\/\/noasecurity.com\/es\/smart-city\/","title":{"rendered":"smart city"},"content":{"rendered":"<div class=\"wpb-content-wrapper\"><p>[vc_row css_animation=\u00bb\u00bb row_type=\u00bbrow\u00bb use_row_as_full_screen_section=\u00bbno\u00bb type=\u00bbfull_width\u00bb angled_section=\u00bbno\u00bb text_align=\u00bbleft\u00bb background_image_as_pattern=\u00bbwithout_pattern\u00bb][vc_column]<div class='qode_image_gallery_no_space '><div class='qode_image_gallery_holder' style='height: 400px;'><ul  ><li  ><div style=\"height: 400px; width:600px;\"><img decoding=\"async\" itemprop=\"image\" src=\"https:\/\/noasecurity.com\/wp-content\/uploads\/2017\/10\/smart-city-.jpg\" alt=\"\" \/><\/div><\/li><li  ><div style=\"height: 400px; width:643px;\"><img decoding=\"async\" itemprop=\"image\" src=\"https:\/\/noasecurity.com\/wp-content\/uploads\/2017\/10\/IMG_9026.jpg\" alt=\"\" \/><\/div><\/li><\/ul><\/div><div class=\"controls\"><a class=\"prev-slide\" href=\"#\"><span><i class=\"fa fa-angle-left\"><\/i><\/span><\/a><a class=\"next-slide\" href=\"#\"><span><i class=\"fa fa-angle-right\"><\/i><\/span><\/a><\/div><\/div>[\/vc_column][\/vc_row][vc_row css_animation=\u00bb\u00bb row_type=\u00bbrow\u00bb use_row_as_full_screen_section=\u00bbno\u00bb type=\u00bbgrid\u00bb angled_section=\u00bbno\u00bb text_align=\u00bbleft\u00bb background_image_as_pattern=\u00bbwithout_pattern\u00bb css=\u00bb.vc_custom_1509985127103{margin-top: 60px !important;margin-bottom: 50px !important;}\u00bb][vc_column][vc_column_text]<\/p>\n<h4 style=\"text-align: center;\"><span style=\"color: #000000;\">La conversi\u00f3n de la ciudad a \u201cSmart City\u201d constituye un ambicioso plan que cubre \u00a0diversos aspectos, mediante una planificaci\u00f3n cuidadosa y detallada que incluye la integraci\u00f3n de la infraestructura, sistemas, aplicaciones, personal y la percepci\u00f3n de las medidas y la metodolog\u00eda adoptadas garantizan el \u00e9xito haciendo una Ciudad Inteligente.<\/span><\/h4>\n<p>[\/vc_column_text][\/vc_column][\/vc_row][vc_row css_animation=\u00bb\u00bb row_type=\u00bbrow\u00bb use_row_as_full_screen_section=\u00bbno\u00bb type=\u00bbfull_width\u00bb angled_section=\u00bbno\u00bb text_align=\u00bbleft\u00bb background_image_as_pattern=\u00bbwithout_pattern\u00bb][vc_column][vc_video link=\u00bbhttps:\/\/youtu.be\/xnAdC9zQUqE\u00bb][\/vc_column][\/vc_row][vc_row css_animation=\u00bb\u00bb row_type=\u00bbrow\u00bb use_row_as_full_screen_section=\u00bbno\u00bb type=\u00bbgrid\u00bb angled_section=\u00bbno\u00bb text_align=\u00bbleft\u00bb background_image_as_pattern=\u00bbwithout_pattern\u00bb css=\u00bb.vc_custom_1507302167959{padding-top: 80px !important;padding-bottom: 80px !important;background-color: #f6f3f3 !important;}\u00bb][vc_column width=\u00bb1\/3&#8243;][vc_column_text css=\u00bb.vc_custom_1507237329823{margin-bottom: 30px !important;}\u00bb]<\/p>\n<div class=\"wpb_text_column wpb_content_element \">\n<div class=\"wpb_wrapper\">\n<h5 style=\"text-align: center;\">\u00a0SMART CITY<\/h5>\n<h5><img loading=\"lazy\" decoding=\"async\" class=\"size-full wp-image-15659 aligncenter\" src=\"https:\/\/www.noa-group.net\/wp-content\/uploads\/2016\/07\/line.png\" alt=\"separador\" width=\"125\" height=\"8\" \/><\/h5>\n<\/div>\n<\/div>\n<div class=\"vc_empty_space\"><\/div>\n<div class=\"wpb_text_column wpb_content_element \"><\/div>\n<p>[\/vc_column_text][vc_column_text]<\/p>\n<div class=\"vc_empty_space\"><\/div>\n<div class=\"wpb_text_column wpb_content_element \">\n<div class=\"wpb_wrapper\">\n<p>Se prev\u00e9 que en el 2050 un 85% de la poblaci\u00f3n mundial viva en ciudades. Este hecho hace que en las siguientes d\u00e9cadas los n\u00facleos urbanos tengan que afrontar un n\u00famero creciente de problemas ligados a este hecho, como:<\/p>\n<ul>\n<li>El abastecimiento energ\u00e9tico.<\/li>\n<li>Las emisiones de CO\u00a0<sub>2.<\/sub><\/li>\n<li>La planificaci\u00f3n del tr\u00e1fico automovil\u00edstico.<\/li>\n<li>La provisi\u00f3n de bienes y materias primas.<\/li>\n<\/ul>\n<\/div>\n<\/div>\n<p>[\/vc_column_text][\/vc_column][vc_column width=\u00bb1\/3&#8243;][vc_column_text css=\u00bb.vc_custom_1507237551756{margin-bottom: 30px !important;}\u00bb]<\/p>\n<h5 style=\"text-align: center;\">VISI\u00d3N<\/h5>\n<h5 style=\"text-align: center;\"><img loading=\"lazy\" decoding=\"async\" class=\"size-full wp-image-15659 aligncenter\" src=\"https:\/\/www.noa-group.net\/wp-content\/uploads\/2016\/07\/line.png\" alt=\"separador\" width=\"125\" height=\"8\" \/><\/h5>\n<p>[\/vc_column_text][vc_column_text]Nuestra visi\u00f3n es la creaci\u00f3n de una infraestructura tecnol\u00f3gica para un entorno seguro e inteligente para la ciudad ayudando el aumento del potencial econ\u00f3mico y de la seguridad regional a trav\u00e9s de la cooperaci\u00f3n de todas las instituciones de emergencia, los proveedores de seguridad y de los servicios para mejorar la sensaci\u00f3n de seguridad y bienestar de los residentes del lugar y sus hu\u00e9spedes.[\/vc_column_text][\/vc_column][vc_column width=\u00bb1\/3&#8243;][vc_column_text css=\u00bb.vc_custom_1507237496283{margin-bottom: 30px !important;}\u00bb]<\/p>\n<div class=\"wpb_text_column wpb_content_element \">\n<div class=\"wpb_wrapper\">\n<h5 style=\"text-align: center;\">FILOSOF\u00cdA<\/h5>\n<h5><img loading=\"lazy\" decoding=\"async\" class=\"size-full wp-image-15659 aligncenter\" src=\"https:\/\/www.noa-group.net\/wp-content\/uploads\/2016\/07\/line.png\" alt=\"separador\" width=\"125\" height=\"8\" \/><\/h5>\n<\/div>\n<\/div>\n<div class=\"vc_empty_space\"><\/div>\n<div class=\"wpb_text_column wpb_content_element \"><\/div>\n<p>[\/vc_column_text][vc_column_text]<\/p>\n<div class=\"vc_empty_space\">La filosof\u00eda del programa \u201cciudad segura \u201d , consiste en actividades programadas, y como tal ha comprendido diferentes fases que han implicado acciones de equipamiento log\u00edstico, coordinaci\u00f3n con instituciones p\u00fablicas y privadas de la ciudad, y con autoridades civiles, policiales y judiciales.<\/div>\n<p>[\/vc_column_text][\/vc_column][\/vc_row][vc_row css_animation=\u00bb\u00bb row_type=\u00bbrow\u00bb use_row_as_full_screen_section=\u00bbno\u00bb type=\u00bbfull_width\u00bb angled_section=\u00bbno\u00bb text_align=\u00bbleft\u00bb background_image_as_pattern=\u00bbwithout_pattern\u00bb css=\u00bb.vc_custom_1507237727103{margin-bottom: 50px !important;padding-top: 40px !important;}\u00bb][vc_column][vc_video link=\u00bbhttps:\/\/youtu.be\/5LMeayUS7Iw\u00bb][\/vc_column][\/vc_row][vc_row css_animation=\u00bb\u00bb row_type=\u00bbrow\u00bb use_row_as_full_screen_section=\u00bbno\u00bb type=\u00bbgrid\u00bb angled_section=\u00bbno\u00bb text_align=\u00bbleft\u00bb background_image_as_pattern=\u00bbwithout_pattern\u00bb css=\u00bb.vc_custom_1507301498964{margin-bottom: 150px !important;padding-top: 20px !important;}\u00bb][vc_column width=\u00bb1\/2&#8243;][vc_column_text]<\/p>\n<div>La tendencia actual en seguridad p\u00fablica es no s\u00f3lo reducir el tiempo de respuesta en la atenci\u00f3n de las emergencias, sino tambi\u00e9n optimizar y centralizar el control de la gesti\u00f3n con el fin de mejorar la calidad del servicio.<\/div>\n<div><\/div>\n<div>Esto se logra integrando diferentes tecnolog\u00edas como video vigilancia, geo-referenciaci\u00f3n de los incidentes, localizaci\u00f3n con tecnolog\u00eda satelital de los recursos involucrados en la atenci\u00f3n de las emergencias, as\u00ed como tambi\u00e9n con el mejoramiento de la conectividad y los medios de comunicaci\u00f3n de las diferentes instituciones y agencias involucradas en la atenci\u00f3n de casos de Emergencia y seguridad ciudadana.<\/div>\n<div><\/div>\n<div>La seguridad ciudadana es uno de los objetivos primordiales de los gobiernos en el \u00e1mbito municipal, provincial y nacional, como tambi\u00e9n ahora lo es en el \u00e1mbito mundial.<\/div>\n<p>[\/vc_column_text][\/vc_column][vc_column width=\u00bb1\/2&#8243;][vc_column_text]<\/p>\n<div>Es por todo lo mencionado que se hace necesaria la creaci\u00f3n de un Centro de Control y Comando integrado (C4) para transformar a la ciudad en un lugar m\u00e1s Seguro, algunas de las situaciones que se pueden confrontar y resolver son:<\/div>\n<div><\/div>\n<div>\u2022Descubrir, prevenir y suprimir cr\u00edmenes en la ciudad.<\/div>\n<div>\u2022Fusi\u00f3n de bases de datos de ofensas criminales integrados con el sistema de control mediante supervisi\u00f3n por video inteligente.<\/div>\n<div>\u2022Apoyar la investigaci\u00f3n criminal mediante restauraci\u00f3n de eventos y ofensas criminales y otras infracciones p\u00fablicas.<\/div>\n<div>\u2022Monitoreo continuo de los servicios urbanos.<\/div>\n<div>\u2022Prevenci\u00f3n y mitigaci\u00f3n de incendios.<\/div>\n<div>\u2022Prevenci\u00f3n y mitigaci\u00f3n medio ambiental.<\/div>\n<div>\u2022Creaci\u00f3n de una base de datos de simulaci\u00f3n de escenarios.<\/div>\n<div>\u2022Control operativo y seguro del tr\u00e1fico urbano.<\/div>\n<p>[\/vc_column_text][\/vc_column][\/vc_row][vc_row css_animation=\u00bb\u00bb row_type=\u00bbrow\u00bb use_row_as_full_screen_section=\u00bbno\u00bb type=\u00bbfull_width\u00bb angled_section=\u00bbno\u00bb text_align=\u00bbleft\u00bb background_image_as_pattern=\u00bbwithout_pattern\u00bb css=\u00bb.vc_custom_1508515395229{margin-bottom: 150px !important;}\u00bb][vc_column width=\u00bb1\/2&#8243;][vc_video link=\u00bbhttps:\/\/www.youtube.com\/watch?v=LHtFVDlmZDY\u00bb][\/vc_column][vc_column width=\u00bb1\/2&#8243;][vc_video link=\u00bbhttps:\/\/www.youtube.com\/watch?v=X2SJJS2mhVU\u00bb][\/vc_column][\/vc_row]<\/p>\n<\/div>","protected":false},"excerpt":{"rendered":"<p>[vc_row css_animation=\u00bb\u00bb row_type=\u00bbrow\u00bb use_row_as_full_screen_section=\u00bbno\u00bb type=\u00bbfull_width\u00bb angled_section=\u00bbno\u00bb text_align=\u00bbleft\u00bb background_image_as_pattern=\u00bbwithout_pattern\u00bb][vc_column][\/vc_column][\/vc_row][vc_row css_animation=\u00bb\u00bb row_type=\u00bbrow\u00bb use_row_as_full_screen_section=\u00bbno\u00bb type=\u00bbgrid\u00bb angled_section=\u00bbno\u00bb text_align=\u00bbleft\u00bb background_image_as_pattern=\u00bbwithout_pattern\u00bb css=\u00bb.vc_custom_1509985127103{margin-top: 60px !important;margin-bottom: 50px !important;}\u00bb][vc_column][vc_column_text] La conversi\u00f3n de la ciudad a \u201cSmart City\u201d constituye un ambicioso plan que cubre \u00a0diversos aspectos, mediante una planificaci\u00f3n cuidadosa y detallada que incluye la&#8230;<\/p>\n","protected":false},"author":1,"featured_media":0,"parent":0,"menu_order":0,"comment_status":"closed","ping_status":"closed","template":"full_width.php","meta":{"footnotes":""},"class_list":["post-15527","page","type-page","status-publish","hentry"],"_links":{"self":[{"href":"https:\/\/noasecurity.com\/es\/wp-json\/wp\/v2\/pages\/15527","targetHints":{"allow":["GET"]}}],"collection":[{"href":"https:\/\/noasecurity.com\/es\/wp-json\/wp\/v2\/pages"}],"about":[{"href":"https:\/\/noasecurity.com\/es\/wp-json\/wp\/v2\/types\/page"}],"author":[{"embeddable":true,"href":"https:\/\/noasecurity.com\/es\/wp-json\/wp\/v2\/users\/1"}],"replies":[{"embeddable":true,"href":"https:\/\/noasecurity.com\/es\/wp-json\/wp\/v2\/comments?post=15527"}],"version-history":[{"count":29,"href":"https:\/\/noasecurity.com\/es\/wp-json\/wp\/v2\/pages\/15527\/revisions"}],"predecessor-version":[{"id":15967,"href":"https:\/\/noasecurity.com\/es\/wp-json\/wp\/v2\/pages\/15527\/revisions\/15967"}],"wp:attachment":[{"href":"https:\/\/noasecurity.com\/es\/wp-json\/wp\/v2\/media?parent=15527"}],"curies":[{"name":"wp","href":"https:\/\/api.w.org\/{rel}","templated":true}]}}