{"id":15553,"date":"2017-10-07T00:30:31","date_gmt":"2017-10-07T00:30:31","guid":{"rendered":"http:\/\/noasecurity.com\/?page_id=15553"},"modified":"2017-10-19T22:31:39","modified_gmt":"2017-10-19T22:31:39","slug":"penitenciarias","status":"publish","type":"page","link":"https:\/\/noasecurity.com\/es\/penitenciarias\/","title":{"rendered":"penitenciarias"},"content":{"rendered":"<div class=\"wpb-content-wrapper\"><p>[vc_row css_animation=\u00bb\u00bb row_type=\u00bbrow\u00bb use_row_as_full_screen_section=\u00bbno\u00bb type=\u00bbgrid\u00bb angled_section=\u00bbno\u00bb text_align=\u00bbleft\u00bb background_image_as_pattern=\u00bbwithout_pattern\u00bb css=\u00bb.vc_custom_1507341563603{padding-top: 80px !important;}\u00bb][vc_column][vc_single_image image=\u00bb15558&#8243; img_size=\u00bbfull\u00bb alignment=\u00bbcenter\u00bb qode_css_animation=\u00bbelement_from_right\u00bb qode_hover_animation=\u00bbzoom_in\u00bb][\/vc_column][\/vc_row][vc_row css_animation=\u00bb\u00bb row_type=\u00bbrow\u00bb use_row_as_full_screen_section=\u00bbno\u00bb type=\u00bbgrid\u00bb angled_section=\u00bbno\u00bb text_align=\u00bbleft\u00bb background_image_as_pattern=\u00bbwithout_pattern\u00bb css=\u00bb.vc_custom_1507336479441{padding-top: 80px !important;padding-bottom: 80px !important;}\u00bb][vc_column width=\u00bb1\/2&#8243;][vc_column_text]<\/p>\n<h5 style=\"text-align: center;\">ASISTIMOS EN CADA ASPECTO DE CADA PROYECTO<\/h5>\n<p>[\/vc_column_text][vc_column_text]<\/p>\n<div class=\"wpb_text_column wpb_content_element \">\n<div class=\"wpb_wrapper\">\n<p>Asistir el proceso de la Gesti\u00f3n Penitenciaria contribuyendo al Desarrollo e Implementaci\u00f3n en cada una de sus fases. Maximizando los recursos existentes aplicando la experiencia y tecnolog\u00eda m\u00e1s elevadas para lograr resocializar al privado de su libertad y convertirlo en productivo para la sociedad. Alcanzando las normas aceptadas por las naciones m\u00e1s avanzadas en el mundo y as\u00ed obtener el reconocimiento de los Organismos Internacionales<\/p>\n<\/div>\n<\/div>\n<div class=\"vc_empty_space\"><\/div>\n<p>[\/vc_column_text][\/vc_column][vc_column width=\u00bb1\/2&#8243;][vc_column_text]<\/p>\n<h5 style=\"text-align: center;\">NUESTRA MISI\u00d3N<\/h5>\n<p>[\/vc_column_text][vc_column_text]<\/p>\n<p align=\"justify\">Nuestro proyecto de unidad correccional propone una Granja Penal sin muros, el privado de libertad gana un horizonte y el centro se torna en un lugar m\u00e1s humanizado. La unidad correccional pretende que el interno tenga \u00e9xito en el retorno a la comunidad.<\/p>\n<p align=\"justify\">En este nuevo concepto de presidio la seguridad contin\u00faa siendo fundamental e irrevocable as\u00ed como el derecho del Privado de la libertad a tener un Horizonte tambi\u00e9n.<\/p>\n<p>[\/vc_column_text][\/vc_column][\/vc_row][vc_row css_animation=\u00bb\u00bb row_type=\u00bbrow\u00bb use_row_as_full_screen_section=\u00bbno\u00bb type=\u00bbfull_width\u00bb angled_section=\u00bbno\u00bb text_align=\u00bbleft\u00bb background_image_as_pattern=\u00bbwithout_pattern\u00bb css=\u00bb.vc_custom_1507336419381{margin-bottom: 150px !important;}\u00bb][vc_column][vc_video link=\u00bbhttps:\/\/youtu.be\/U649C98ZMC8&#8243;][\/vc_column][\/vc_row]<\/p>\n<\/div>","protected":false},"excerpt":{"rendered":"<p>[vc_row css_animation=\u00bb\u00bb row_type=\u00bbrow\u00bb use_row_as_full_screen_section=\u00bbno\u00bb type=\u00bbgrid\u00bb angled_section=\u00bbno\u00bb text_align=\u00bbleft\u00bb background_image_as_pattern=\u00bbwithout_pattern\u00bb css=\u00bb.vc_custom_1507341563603{padding-top: 80px !important;}\u00bb][vc_column][vc_single_image image=\u00bb15558&#8243; img_size=\u00bbfull\u00bb alignment=\u00bbcenter\u00bb qode_css_animation=\u00bbelement_from_right\u00bb qode_hover_animation=\u00bbzoom_in\u00bb][\/vc_column][\/vc_row][vc_row css_animation=\u00bb\u00bb row_type=\u00bbrow\u00bb use_row_as_full_screen_section=\u00bbno\u00bb type=\u00bbgrid\u00bb angled_section=\u00bbno\u00bb text_align=\u00bbleft\u00bb background_image_as_pattern=\u00bbwithout_pattern\u00bb css=\u00bb.vc_custom_1507336479441{padding-top: 80px !important;padding-bottom: 80px !important;}\u00bb][vc_column width=\u00bb1\/2&#8243;][vc_column_text] ASISTIMOS EN CADA ASPECTO DE CADA PROYECTO [\/vc_column_text][vc_column_text] Asistir el proceso de la Gesti\u00f3n Penitenciaria contribuyendo&#8230;<\/p>\n","protected":false},"author":1,"featured_media":0,"parent":0,"menu_order":0,"comment_status":"closed","ping_status":"closed","template":"full_width.php","meta":{"footnotes":""},"class_list":["post-15553","page","type-page","status-publish","hentry"],"_links":{"self":[{"href":"https:\/\/noasecurity.com\/es\/wp-json\/wp\/v2\/pages\/15553","targetHints":{"allow":["GET"]}}],"collection":[{"href":"https:\/\/noasecurity.com\/es\/wp-json\/wp\/v2\/pages"}],"about":[{"href":"https:\/\/noasecurity.com\/es\/wp-json\/wp\/v2\/types\/page"}],"author":[{"embeddable":true,"href":"https:\/\/noasecurity.com\/es\/wp-json\/wp\/v2\/users\/1"}],"replies":[{"embeddable":true,"href":"https:\/\/noasecurity.com\/es\/wp-json\/wp\/v2\/comments?post=15553"}],"version-history":[{"count":8,"href":"https:\/\/noasecurity.com\/es\/wp-json\/wp\/v2\/pages\/15553\/revisions"}],"predecessor-version":[{"id":15689,"href":"https:\/\/noasecurity.com\/es\/wp-json\/wp\/v2\/pages\/15553\/revisions\/15689"}],"wp:attachment":[{"href":"https:\/\/noasecurity.com\/es\/wp-json\/wp\/v2\/media?parent=15553"}],"curies":[{"name":"wp","href":"https:\/\/api.w.org\/{rel}","templated":true}]}}