{"id":15562,"date":"2017-10-07T02:09:57","date_gmt":"2017-10-07T02:09:57","guid":{"rendered":"http:\/\/noasecurity.com\/?page_id=15562"},"modified":"2017-10-19T15:47:47","modified_gmt":"2017-10-19T15:47:47","slug":"capacitacion-y-entrenamiento","status":"publish","type":"page","link":"https:\/\/noasecurity.com\/es\/capacitacion-y-entrenamiento\/","title":{"rendered":"Capacitaci\u00f3n y Entrenamiento"},"content":{"rendered":"<div class=\"wpb-content-wrapper\"><p>[vc_row css_animation=\u00bb\u00bb row_type=\u00bbrow\u00bb use_row_as_full_screen_section=\u00bbno\u00bb type=\u00bbgrid\u00bb angled_section=\u00bbno\u00bb text_align=\u00bbleft\u00bb background_image_as_pattern=\u00bbwithout_pattern\u00bb css=\u00bb.vc_custom_1507342375942{padding-top: 80px !important;padding-bottom: 80px !important;}\u00bb][vc_column][vc_column_text]<\/p>\n<h5 style=\"text-align: center;\">NOA tiene una vasta experiencia en la creaci\u00f3n de Sistemas de Seguridad y de Inteligencia para Organismos gubernamentales, p\u00fablicos, municipales y civiles, en la formaci\u00f3n y la capacitaci\u00f3n de unidades ideadas para entidades comerciales y publicas en cuatro continentes<\/h5>\n<p>[\/vc_column_text][\/vc_column][\/vc_row][vc_row css_animation=\u00bb\u00bb row_type=\u00bbrow\u00bb use_row_as_full_screen_section=\u00bbno\u00bb type=\u00bbgrid\u00bb angled_section=\u00bbno\u00bb text_align=\u00bbleft\u00bb background_image_as_pattern=\u00bbwithout_pattern\u00bb css=\u00bb.vc_custom_1507342188629{padding-top: 80px !important;padding-bottom: 80px !important;background-color: #f6f3f3 !important;}\u00bb][vc_column width=\u00bb1\/2&#8243;][vc_column_text]\u2022 Conducta Preventiva<\/p>\n<p>\u2022 Seguridad y protecci\u00f3n de Bancos\/Valores<\/p>\n<p>\u2022 Inteligencia<\/p>\n<p>\u2022 Anti Secuestro \/ Terrorismo[\/vc_column_text][\/vc_column][vc_column width=\u00bb1\/2&#8243;][vc_column_text]\u2022 Manejo Evasivo\/Defensivo<\/p>\n<p>\u2022 Defensa Personal<\/p>\n<p>\u2022 Manejo y uso de armas niveles b\u00e1sico-avanzado<\/p>\n<p>\u2022 T\u00e9cnicas de Rastreo\/ Detecci\u00f3n de Escucha[\/vc_column_text][\/vc_column][\/vc_row]<\/p>\n<\/div>","protected":false},"excerpt":{"rendered":"<p>[vc_row css_animation=\u00bb\u00bb row_type=\u00bbrow\u00bb use_row_as_full_screen_section=\u00bbno\u00bb type=\u00bbgrid\u00bb angled_section=\u00bbno\u00bb text_align=\u00bbleft\u00bb background_image_as_pattern=\u00bbwithout_pattern\u00bb css=\u00bb.vc_custom_1507342375942{padding-top: 80px !important;padding-bottom: 80px !important;}\u00bb][vc_column][vc_column_text] NOA tiene una vasta experiencia en la creaci\u00f3n de Sistemas de Seguridad y de Inteligencia para Organismos gubernamentales, p\u00fablicos, municipales y civiles, en la formaci\u00f3n y la capacitaci\u00f3n de unidades ideadas para&#8230;<\/p>\n","protected":false},"author":1,"featured_media":0,"parent":0,"menu_order":0,"comment_status":"closed","ping_status":"closed","template":"full_width.php","meta":{"footnotes":""},"class_list":["post-15562","page","type-page","status-publish","hentry"],"_links":{"self":[{"href":"https:\/\/noasecurity.com\/es\/wp-json\/wp\/v2\/pages\/15562","targetHints":{"allow":["GET"]}}],"collection":[{"href":"https:\/\/noasecurity.com\/es\/wp-json\/wp\/v2\/pages"}],"about":[{"href":"https:\/\/noasecurity.com\/es\/wp-json\/wp\/v2\/types\/page"}],"author":[{"embeddable":true,"href":"https:\/\/noasecurity.com\/es\/wp-json\/wp\/v2\/users\/1"}],"replies":[{"embeddable":true,"href":"https:\/\/noasecurity.com\/es\/wp-json\/wp\/v2\/comments?post=15562"}],"version-history":[{"count":5,"href":"https:\/\/noasecurity.com\/es\/wp-json\/wp\/v2\/pages\/15562\/revisions"}],"predecessor-version":[{"id":15681,"href":"https:\/\/noasecurity.com\/es\/wp-json\/wp\/v2\/pages\/15562\/revisions\/15681"}],"wp:attachment":[{"href":"https:\/\/noasecurity.com\/es\/wp-json\/wp\/v2\/media?parent=15562"}],"curies":[{"name":"wp","href":"https:\/\/api.w.org\/{rel}","templated":true}]}}