{"id":15567,"date":"2017-10-07T03:27:00","date_gmt":"2017-10-07T03:27:00","guid":{"rendered":"http:\/\/noasecurity.com\/?page_id=15567"},"modified":"2017-10-19T15:49:28","modified_gmt":"2017-10-19T15:49:28","slug":"consultoria-en-seguridad","status":"publish","type":"page","link":"https:\/\/noasecurity.com\/es\/consultoria-en-seguridad\/","title":{"rendered":"consultoria en seguridad"},"content":{"rendered":"<div class=\"wpb-content-wrapper\"><p>[vc_row css_animation=\u00bb\u00bb row_type=\u00bbrow\u00bb use_row_as_full_screen_section=\u00bbno\u00bb type=\u00bbgrid\u00bb angled_section=\u00bbno\u00bb text_align=\u00bbleft\u00bb background_image_as_pattern=\u00bbwithout_pattern\u00bb css=\u00bb.vc_custom_1507383611932{padding-bottom: 40px !important;background-color: #f6f3f3 !important;}\u00bb][vc_column][vc_column_text css=\u00bb.vc_custom_1507342764308{padding-top: 80px !important;padding-bottom: 80px !important;}\u00bb]<\/p>\n<p style=\"text-align: center;\">Delegaciones y gente de negocios que viajan por el mundo pueden ser objeto de ataques delictivos, espionaje industrial y amenazas de terrorismo. Esto puede manifestarse en ataques f\u00edsicos, robos de informaci\u00f3n y propiedades (incluyendo computadoras\/ ordenadores port\u00e1tiles) y en ocasiones en secuestros.<\/p>\n<p>[\/vc_column_text][\/vc_column][\/vc_row][vc_row css_animation=\u00bb\u00bb row_type=\u00bbrow\u00bb use_row_as_full_screen_section=\u00bbno\u00bb type=\u00bbfull_width\u00bb angled_section=\u00bbno\u00bb text_align=\u00bbleft\u00bb background_image_as_pattern=\u00bbwithout_pattern\u00bb css=\u00bb.vc_custom_1507383619697{padding-top: 40px !important;padding-bottom: 50px !important;}\u00bb][vc_column][vc_column_text]<\/p>\n<h5 style=\"text-align: center;\">El servicio en este campo incluye:<\/h5>\n<p>[\/vc_column_text][\/vc_column][\/vc_row][vc_row css_animation=\u00bb\u00bb row_type=\u00bbrow\u00bb use_row_as_full_screen_section=\u00bbno\u00bb type=\u00bbfull_width\u00bb angled_section=\u00bbno\u00bb text_align=\u00bbleft\u00bb background_image_as_pattern=\u00bbwithout_pattern\u00bb css=\u00bb.vc_custom_1507382928563{padding-bottom: 150px !important;}\u00bb][vc_column width=\u00bb1\/2&#8243;][vc_column_text]1. Una instrucci\u00f3n total en el tema de la seguridad personal, comportamiento preventivo, reglas para salvaguardar la informaci\u00f3n de negocios, informaci\u00f3n en computadoras y art\u00edculos de valor.<br \/>\n2. Recomendaciones para equiparse de medios ocultos de defensa, no siendo estos armas de fuego.[\/vc_column_text][\/vc_column][vc_column width=\u00bb1\/2&#8243;][vc_column_text]3. Elaboraci\u00f3n de una lista de tel\u00e9fonos y contactos importantes, entre ellos: Embajadas, Hospitales, Servicios de emergencia, Polic\u00eda y otros por el estilo.<br \/>\n4. Colocaci\u00f3n de Guardias personales y acompa\u00f1antes de grupos en el exterior.[\/vc_column_text][\/vc_column][\/vc_row]<\/p>\n<\/div>","protected":false},"excerpt":{"rendered":"<p>[vc_row css_animation=\u00bb\u00bb row_type=\u00bbrow\u00bb use_row_as_full_screen_section=\u00bbno\u00bb type=\u00bbgrid\u00bb angled_section=\u00bbno\u00bb text_align=\u00bbleft\u00bb background_image_as_pattern=\u00bbwithout_pattern\u00bb css=\u00bb.vc_custom_1507383611932{padding-bottom: 40px !important;background-color: #f6f3f3 !important;}\u00bb][vc_column][vc_column_text css=\u00bb.vc_custom_1507342764308{padding-top: 80px !important;padding-bottom: 80px !important;}\u00bb] Delegaciones y gente de negocios que viajan por el mundo pueden ser objeto de ataques delictivos, espionaje industrial y amenazas de terrorismo. Esto puede manifestarse en ataques&#8230;<\/p>\n","protected":false},"author":1,"featured_media":0,"parent":0,"menu_order":0,"comment_status":"closed","ping_status":"closed","template":"full_width.php","meta":{"footnotes":""},"class_list":["post-15567","page","type-page","status-publish","hentry"],"_links":{"self":[{"href":"https:\/\/noasecurity.com\/es\/wp-json\/wp\/v2\/pages\/15567","targetHints":{"allow":["GET"]}}],"collection":[{"href":"https:\/\/noasecurity.com\/es\/wp-json\/wp\/v2\/pages"}],"about":[{"href":"https:\/\/noasecurity.com\/es\/wp-json\/wp\/v2\/types\/page"}],"author":[{"embeddable":true,"href":"https:\/\/noasecurity.com\/es\/wp-json\/wp\/v2\/users\/1"}],"replies":[{"embeddable":true,"href":"https:\/\/noasecurity.com\/es\/wp-json\/wp\/v2\/comments?post=15567"}],"version-history":[{"count":12,"href":"https:\/\/noasecurity.com\/es\/wp-json\/wp\/v2\/pages\/15567\/revisions"}],"predecessor-version":[{"id":15682,"href":"https:\/\/noasecurity.com\/es\/wp-json\/wp\/v2\/pages\/15567\/revisions\/15682"}],"wp:attachment":[{"href":"https:\/\/noasecurity.com\/es\/wp-json\/wp\/v2\/media?parent=15567"}],"curies":[{"name":"wp","href":"https:\/\/api.w.org\/{rel}","templated":true}]}}