{"id":15585,"date":"2017-10-07T14:01:34","date_gmt":"2017-10-07T14:01:34","guid":{"rendered":"http:\/\/noasecurity.com\/?page_id=15585"},"modified":"2017-10-30T21:27:40","modified_gmt":"2017-10-30T21:27:40","slug":"proteccion-a-dignatarios","status":"publish","type":"page","link":"https:\/\/noasecurity.com\/es\/proteccion-a-dignatarios\/","title":{"rendered":"Protecci\u00f3n a Dignatarios"},"content":{"rendered":"<div class=\"wpb-content-wrapper\"><p>[vc_row css_animation=\u00bb\u00bb row_type=\u00bbrow\u00bb use_row_as_full_screen_section=\u00bbno\u00bb type=\u00bbfull_width\u00bb angled_section=\u00bbno\u00bb text_align=\u00bbcenter\u00bb background_image_as_pattern=\u00bbwithout_pattern\u00bb css=\u00bb.vc_custom_1509398811869{margin-bottom: 80px !important;}\u00bb][vc_column][vc_single_image image=\u00bb15870&#8243; img_size=\u00bbfull\u00bb alignment=\u00bbcenter\u00bb qode_css_animation=\u00bb\u00bb][\/vc_column][\/vc_row][vc_row css_animation=\u00bb\u00bb row_type=\u00bbrow\u00bb use_row_as_full_screen_section=\u00bbno\u00bb type=\u00bbgrid\u00bb angled_section=\u00bbno\u00bb text_align=\u00bbleft\u00bb background_image_as_pattern=\u00bbwithout_pattern\u00bb css=\u00bb.vc_custom_1507385713602{padding-top: 40px !important;padding-bottom: 40px !important;}\u00bb][vc_column][vc_column_text css=\u00bb.vc_custom_1507384758712{padding-bottom: 40px !important;}\u00bb]<\/p>\n<p style=\"text-align: center;\">Dentro de nuestros servicios esta el desarrollo del concepto de seguridad, dise\u00f1o del sistema de seguridad, reclutamiento, contrataci\u00f3n y entrenamiento de personal de seguridad. Recursos Humanos, preparaci\u00f3n de procedimientos de rutina y condiciones de emergencia. Algunas de nuestras misiones incluyen por ejemplo: protecci\u00f3n de figuras p\u00fablicas y delegaciones oficiales, protecci\u00f3n de embajadas y agentes de seguridad<\/p>\n<p>[\/vc_column_text][\/vc_column][\/vc_row][vc_row css_animation=\u00bb\u00bb row_type=\u00bbrow\u00bb use_row_as_full_screen_section=\u00bbno\u00bb type=\u00bbgrid\u00bb angled_section=\u00bbno\u00bb text_align=\u00bbleft\u00bb background_image_as_pattern=\u00bbwithout_pattern\u00bb css=\u00bb.vc_custom_1507385279691{padding-top: 40px !important;padding-bottom: 40px !important;background-color: #ffffff !important;}\u00bb][vc_column width=\u00bb1\/2&#8243;][vc_column_text css=\u00bb.vc_custom_1507385029464{background-color: #ffffff !important;}\u00bb]<\/p>\n<p style=\"text-align: left;\">NOA\u00a0 ha acumulado una gran experiencia profesional a lo largo de estos a\u00f1os y goza del prestigio de ser una compa\u00f1\u00eda de alta credibilidad y que guarda con af\u00e1n los intereses y la discreci\u00f3n de sus clientes.<\/p>\n<p>[\/vc_column_text][\/vc_column][vc_column width=\u00bb1\/2&#8243;][vc_column_text]Nuestro equipo de profesionales pasa por un constante entrenamiento, estudiando las tendencias de las amenazas globales y en lugares espec\u00edficos; analizan cambios en los modos operando de los terroristas y grupos criminales y posibles escenarios potenciales de ataques terroristas. As\u00ed como la actualizaci\u00f3n tecnol\u00f3gica.[\/vc_column_text][\/vc_column][\/vc_row][vc_row css_animation=\u00bb\u00bb row_type=\u00bbrow\u00bb use_row_as_full_screen_section=\u00bbno\u00bb type=\u00bbgrid\u00bb angled_section=\u00bbno\u00bb text_align=\u00bbleft\u00bb background_image_as_pattern=\u00bbwithout_pattern\u00bb][vc_column][vc_column_text css=\u00bb.vc_custom_1507384882596{padding-top: 40px !important;padding-bottom: 150px !important;}\u00bb]<\/p>\n<p style=\"text-align: center;\">El grupo de expertos en seguridad que llevan a cabo las misiones son empleados de la empresa y nunca subcontratados.<\/p>\n<p>[\/vc_column_text][\/vc_column][\/vc_row]<\/p>\n<\/div>","protected":false},"excerpt":{"rendered":"<p>[vc_row css_animation=\u00bb\u00bb row_type=\u00bbrow\u00bb use_row_as_full_screen_section=\u00bbno\u00bb type=\u00bbfull_width\u00bb angled_section=\u00bbno\u00bb text_align=\u00bbcenter\u00bb background_image_as_pattern=\u00bbwithout_pattern\u00bb css=\u00bb.vc_custom_1509398811869{margin-bottom: 80px !important;}\u00bb][vc_column][vc_single_image image=\u00bb15870&#8243; img_size=\u00bbfull\u00bb alignment=\u00bbcenter\u00bb qode_css_animation=\u00bb\u00bb][\/vc_column][\/vc_row][vc_row css_animation=\u00bb\u00bb row_type=\u00bbrow\u00bb use_row_as_full_screen_section=\u00bbno\u00bb type=\u00bbgrid\u00bb angled_section=\u00bbno\u00bb text_align=\u00bbleft\u00bb background_image_as_pattern=\u00bbwithout_pattern\u00bb css=\u00bb.vc_custom_1507385713602{padding-top: 40px !important;padding-bottom: 40px !important;}\u00bb][vc_column][vc_column_text css=\u00bb.vc_custom_1507384758712{padding-bottom: 40px !important;}\u00bb] Dentro de nuestros servicios esta el desarrollo del concepto de seguridad, dise\u00f1o del sistema de&#8230;<\/p>\n","protected":false},"author":1,"featured_media":0,"parent":0,"menu_order":0,"comment_status":"closed","ping_status":"closed","template":"full_width.php","meta":{"footnotes":""},"class_list":["post-15585","page","type-page","status-publish","hentry"],"_links":{"self":[{"href":"https:\/\/noasecurity.com\/es\/wp-json\/wp\/v2\/pages\/15585","targetHints":{"allow":["GET"]}}],"collection":[{"href":"https:\/\/noasecurity.com\/es\/wp-json\/wp\/v2\/pages"}],"about":[{"href":"https:\/\/noasecurity.com\/es\/wp-json\/wp\/v2\/types\/page"}],"author":[{"embeddable":true,"href":"https:\/\/noasecurity.com\/es\/wp-json\/wp\/v2\/users\/1"}],"replies":[{"embeddable":true,"href":"https:\/\/noasecurity.com\/es\/wp-json\/wp\/v2\/comments?post=15585"}],"version-history":[{"count":13,"href":"https:\/\/noasecurity.com\/es\/wp-json\/wp\/v2\/pages\/15585\/revisions"}],"predecessor-version":[{"id":15875,"href":"https:\/\/noasecurity.com\/es\/wp-json\/wp\/v2\/pages\/15585\/revisions\/15875"}],"wp:attachment":[{"href":"https:\/\/noasecurity.com\/es\/wp-json\/wp\/v2\/media?parent=15585"}],"curies":[{"name":"wp","href":"https:\/\/api.w.org\/{rel}","templated":true}]}}